{"id":111,"date":"2022-07-01T16:07:28","date_gmt":"2022-07-01T19:07:28","guid":{"rendered":"https:\/\/ecomsa.com.ar\/?page_id=111"},"modified":"2022-09-14T15:43:26","modified_gmt":"2022-09-14T18:43:26","slug":"petrochemicals-catalysts","status":"publish","type":"page","link":"https:\/\/ecomsa.com.ar\/en\/catalizadores-petroquimicos\/","title":{"rendered":"Petrochemicals Catalysts"},"content":{"rendered":"<div data-elementor-type=\"wp-page\" data-elementor-id=\"111\" class=\"elementor elementor-111\" data-elementor-post-type=\"page\">\n\t\t\t\t\t\t<section class=\"elementor-section elementor-top-section elementor-element elementor-element-d9c18d9 elementor-section-height-min-height elementor-section-boxed elementor-section-height-default elementor-section-items-middle\" data-id=\"d9c18d9\" data-element_type=\"section\" data-e-type=\"section\" data-settings=\"{&quot;background_background&quot;:&quot;classic&quot;}\">\n\t\t\t\t\t\t\t<div class=\"elementor-background-overlay\"><\/div>\n\t\t\t\t\t\t\t<div class=\"elementor-container elementor-column-gap-default\">\n\t\t\t\t\t<div class=\"elementor-column elementor-col-100 elementor-top-column elementor-element elementor-element-f509834\" data-id=\"f509834\" data-element_type=\"column\" data-e-type=\"column\">\n\t\t\t<div class=\"elementor-widget-wrap elementor-element-populated\">\n\t\t\t\t\t\t<div class=\"elementor-element elementor-element-8917474 elementor-widget elementor-widget-heading\" data-id=\"8917474\" data-element_type=\"widget\" data-e-type=\"widget\" data-widget_type=\"heading.default\">\n\t\t\t\t<div class=\"elementor-widget-container\">\n\t\t\t\t\t<h2 class=\"elementor-heading-title elementor-size-default\">Petrochemicals Catalysts<\/h2>\t\t\t\t<\/div>\n\t\t\t\t<\/div>\n\t\t\t\t<div class=\"elementor-element elementor-element-60836a3 elementor-widget elementor-widget-text-editor\" data-id=\"60836a3\" data-element_type=\"widget\" data-e-type=\"widget\" data-widget_type=\"text-editor.default\">\n\t\t\t\t<div class=\"elementor-widget-container\">\n\t\t\t\t\t\t\t\t\t<p><a href=\"https:\/\/ecomsa.com.ar\/en\/\">Home<\/a> &gt; <a href=\"https:\/\/ecomsa.com.ar\/en\/#productos\">Products<\/a> &gt; Petrochemicals Catalysts<\/p>\t\t\t\t\t\t\t\t<\/div>\n\t\t\t\t<\/div>\n\t\t\t\t\t<\/div>\n\t\t<\/div>\n\t\t\t\t\t<\/div>\n\t\t<\/section>\n\t\t\t\t<section class=\"elementor-section elementor-top-section elementor-element elementor-element-c65e998 elementor-section-boxed elementor-section-height-default elementor-section-height-default\" data-id=\"c65e998\" data-element_type=\"section\" data-e-type=\"section\">\n\t\t\t\t\t\t<div class=\"elementor-container elementor-column-gap-default\">\n\t\t\t\t\t<div class=\"elementor-column elementor-col-100 elementor-top-column elementor-element elementor-element-8d58145\" data-id=\"8d58145\" data-element_type=\"column\" data-e-type=\"column\">\n\t\t\t<div class=\"elementor-widget-wrap elementor-element-populated\">\n\t\t\t\t\t\t<section class=\"elementor-section elementor-inner-section elementor-element elementor-element-d7ad193 elementor-reverse-mobile elementor-section-boxed elementor-section-height-default elementor-section-height-default\" data-id=\"d7ad193\" data-element_type=\"section\" data-e-type=\"section\">\n\t\t\t\t\t\t<div class=\"elementor-container elementor-column-gap-default\">\n\t\t\t\t\t<div class=\"elementor-column elementor-col-50 elementor-inner-column elementor-element elementor-element-9706f79\" data-id=\"9706f79\" data-element_type=\"column\" data-e-type=\"column\">\n\t\t\t<div class=\"elementor-widget-wrap elementor-element-populated\">\n\t\t\t\t\t\t<div class=\"elementor-element elementor-element-78aa827 elementor-nav-menu--dropdown-mobile elementor-nav-menu__text-align-aside elementor-nav-menu--toggle elementor-nav-menu--burger elementor-widget elementor-widget-nav-menu\" data-id=\"78aa827\" data-element_type=\"widget\" data-e-type=\"widget\" data-settings=\"{&quot;layout&quot;:&quot;vertical&quot;,&quot;submenu_icon&quot;:{&quot;value&quot;:&quot;&lt;i class=\\&quot;fas fa-caret-down\\&quot; aria-hidden=\\&quot;true\\&quot;&gt;&lt;\\\/i&gt;&quot;,&quot;library&quot;:&quot;fa-solid&quot;},&quot;toggle&quot;:&quot;burger&quot;}\" data-widget_type=\"nav-menu.default\">\n\t\t\t\t<div class=\"elementor-widget-container\">\n\t\t\t\t\t\t\t\t<nav aria-label=\"Menu\" class=\"elementor-nav-menu--main elementor-nav-menu__container elementor-nav-menu--layout-vertical e--pointer-none\">\n\t\t\t\t<ul id=\"menu-1-78aa827\" class=\"elementor-nav-menu sm-vertical\"><li class=\"menu-item menu-item-type-post_type menu-item-object-page menu-item-136\"><a href=\"https:\/\/ecomsa.com.ar\/en\/quimicos-industriales\/\" class=\"elementor-item menu-link\">Industrial Chemicals<\/a><\/li>\n<li class=\"menu-item menu-item-type-post_type menu-item-object-page menu-item-137\"><a href=\"https:\/\/ecomsa.com.ar\/en\/catalizadores-petroquimicos\/\" class=\"elementor-item menu-link\">Petrochemicals Catalysts<\/a><\/li>\n<li class=\"menu-item menu-item-type-post_type menu-item-object-page menu-item-1124\"><a href=\"https:\/\/ecomsa.com.ar\/en\/quimicos-para-oil-gas\/\" class=\"elementor-item menu-link\">Oil field chemicals<\/a><\/li>\n<li class=\"menu-item menu-item-type-post_type menu-item-object-page menu-item-134\"><a href=\"https:\/\/ecomsa.com.ar\/en\/rellenos-para-torres-y-soporte-de-catalizadores\/\" class=\"elementor-item menu-link\">Tower Packing<\/a><\/li>\n<li class=\"menu-item menu-item-type-post_type menu-item-object-page menu-item-138\"><a href=\"https:\/\/ecomsa.com.ar\/en\/colorantes-y-pigmentos\/\" class=\"elementor-item menu-link\">Dyes, Pigments &amp; Food Colors<\/a><\/li>\n<li class=\"menu-item menu-item-type-post_type menu-item-object-page menu-item-135\"><a href=\"https:\/\/ecomsa.com.ar\/en\/resinas-varias\/\" class=\"elementor-item menu-link\">Ion Exchange Resins<\/a><\/li>\n<li class=\"menu-item menu-item-type-post_type menu-item-object-page menu-item-131\"><a href=\"https:\/\/ecomsa.com.ar\/en\/ferro-aleaciones-y-productos-de-aceria\/\" class=\"elementor-item menu-link\">Ferro Alloys and Steel Products<\/a><\/li>\n<li class=\"menu-item menu-item-type-post_type menu-item-object-page menu-item-132\"><a href=\"https:\/\/ecomsa.com.ar\/en\/quimicos-para-mineria\/\" class=\"elementor-item menu-link\">Chemicals for Mining<\/a><\/li>\n<li class=\"menu-item menu-item-type-post_type menu-item-object-page menu-item-130\"><a href=\"https:\/\/ecomsa.com.ar\/en\/carbon-activado\/\" class=\"elementor-item menu-link\">Activated Carbon<\/a><\/li>\n<li class=\"menu-item menu-item-type-post_type menu-item-object-page menu-item-133\"><a href=\"https:\/\/ecomsa.com.ar\/en\/quimicos-para-tratamiento-de-aguas\/\" class=\"elementor-item menu-link\">Water Treatment Chemicals<\/a><\/li>\n<li class=\"menu-item menu-item-type-post_type menu-item-object-page menu-item-4318\"><a href=\"https:\/\/ecomsa.com.ar\/en\/aditivos-alimenticios\/\" class=\"elementor-item menu-link\">Food additives<\/a><\/li>\n<\/ul>\t\t\t<\/nav>\n\t\t\t\t\t<div class=\"elementor-menu-toggle\" role=\"button\" tabindex=\"0\" aria-label=\"Menu Toggle\" aria-expanded=\"false\">\n\t\t\t<i aria-hidden=\"true\" role=\"presentation\" class=\"elementor-menu-toggle__icon--open eicon-menu-bar\"><\/i><i aria-hidden=\"true\" role=\"presentation\" class=\"elementor-menu-toggle__icon--close eicon-close\"><\/i>\t\t<\/div>\n\t\t\t\t\t<nav class=\"elementor-nav-menu--dropdown elementor-nav-menu__container\" aria-hidden=\"true\">\n\t\t\t\t<ul id=\"menu-2-78aa827\" class=\"elementor-nav-menu sm-vertical\"><li class=\"menu-item menu-item-type-post_type menu-item-object-page menu-item-136\"><a href=\"https:\/\/ecomsa.com.ar\/en\/quimicos-industriales\/\" class=\"elementor-item menu-link\" tabindex=\"-1\">Industrial Chemicals<\/a><\/li>\n<li class=\"menu-item menu-item-type-post_type menu-item-object-page menu-item-137\"><a href=\"https:\/\/ecomsa.com.ar\/en\/catalizadores-petroquimicos\/\" class=\"elementor-item menu-link\" tabindex=\"-1\">Petrochemicals Catalysts<\/a><\/li>\n<li class=\"menu-item menu-item-type-post_type menu-item-object-page menu-item-1124\"><a href=\"https:\/\/ecomsa.com.ar\/en\/quimicos-para-oil-gas\/\" class=\"elementor-item menu-link\" tabindex=\"-1\">Oil field chemicals<\/a><\/li>\n<li class=\"menu-item menu-item-type-post_type menu-item-object-page menu-item-134\"><a href=\"https:\/\/ecomsa.com.ar\/en\/rellenos-para-torres-y-soporte-de-catalizadores\/\" class=\"elementor-item menu-link\" tabindex=\"-1\">Tower Packing<\/a><\/li>\n<li class=\"menu-item menu-item-type-post_type menu-item-object-page menu-item-138\"><a href=\"https:\/\/ecomsa.com.ar\/en\/colorantes-y-pigmentos\/\" class=\"elementor-item menu-link\" tabindex=\"-1\">Dyes, Pigments &amp; Food Colors<\/a><\/li>\n<li class=\"menu-item menu-item-type-post_type menu-item-object-page menu-item-135\"><a href=\"https:\/\/ecomsa.com.ar\/en\/resinas-varias\/\" class=\"elementor-item menu-link\" tabindex=\"-1\">Ion Exchange Resins<\/a><\/li>\n<li class=\"menu-item menu-item-type-post_type menu-item-object-page menu-item-131\"><a href=\"https:\/\/ecomsa.com.ar\/en\/ferro-aleaciones-y-productos-de-aceria\/\" class=\"elementor-item menu-link\" tabindex=\"-1\">Ferro Alloys and Steel Products<\/a><\/li>\n<li class=\"menu-item menu-item-type-post_type menu-item-object-page menu-item-132\"><a href=\"https:\/\/ecomsa.com.ar\/en\/quimicos-para-mineria\/\" class=\"elementor-item menu-link\" tabindex=\"-1\">Chemicals for Mining<\/a><\/li>\n<li class=\"menu-item menu-item-type-post_type menu-item-object-page menu-item-130\"><a href=\"https:\/\/ecomsa.com.ar\/en\/carbon-activado\/\" class=\"elementor-item menu-link\" tabindex=\"-1\">Activated Carbon<\/a><\/li>\n<li class=\"menu-item menu-item-type-post_type menu-item-object-page menu-item-133\"><a href=\"https:\/\/ecomsa.com.ar\/en\/quimicos-para-tratamiento-de-aguas\/\" class=\"elementor-item menu-link\" tabindex=\"-1\">Water Treatment Chemicals<\/a><\/li>\n<li class=\"menu-item menu-item-type-post_type menu-item-object-page menu-item-4318\"><a href=\"https:\/\/ecomsa.com.ar\/en\/aditivos-alimenticios\/\" class=\"elementor-item menu-link\" tabindex=\"-1\">Food additives<\/a><\/li>\n<\/ul>\t\t\t<\/nav>\n\t\t\t\t\t\t<\/div>\n\t\t\t\t<\/div>\n\t\t\t\t<div class=\"elementor-element elementor-element-2a97418 elementor-view-default elementor-position-block-start elementor-mobile-position-block-start elementor-widget elementor-widget-icon-box\" data-id=\"2a97418\" data-element_type=\"widget\" data-e-type=\"widget\" data-widget_type=\"icon-box.default\">\n\t\t\t\t<div class=\"elementor-widget-container\">\n\t\t\t\t\t\t\t<div class=\"elementor-icon-box-wrapper\">\n\n\t\t\t\t\t\t<div class=\"elementor-icon-box-icon\">\n\t\t\t\t<span  class=\"elementor-icon\">\n\t\t\t\t<i aria-hidden=\"true\" class=\"fas fa-phone-alt\"><\/i>\t\t\t\t<\/span>\n\t\t\t<\/div>\n\t\t\t\n\t\t\t\t\t\t<div class=\"elementor-icon-box-content\">\n\n\t\t\t\t\t\t\t\t\t<h3 class=\"elementor-icon-box-title\">\n\t\t\t\t\t\t<span  >\n\t\t\t\t\t\t\tGot any Questions?<br>Call us today\t\t\t\t\t\t<\/span>\n\t\t\t\t\t<\/h3>\n\t\t\t\t\n\t\t\t\t\t\t\t\t\t<p class=\"elementor-icon-box-description translation-block\">+1 (346) 319-0205<\/p>\n\t\t\t\t\n\t\t\t<\/div>\n\t\t\t\n\t\t<\/div>\n\t\t\t\t\t\t<\/div>\n\t\t\t\t<\/div>\n\t\t\t\t\t<\/div>\n\t\t<\/div>\n\t\t\t\t<div class=\"elementor-column elementor-col-50 elementor-inner-column elementor-element elementor-element-7c89b65\" data-id=\"7c89b65\" data-element_type=\"column\" data-e-type=\"column\">\n\t\t\t<div class=\"elementor-widget-wrap elementor-element-populated\">\n\t\t\t\t\t\t<div class=\"elementor-element elementor-element-375d44c elementor-widget elementor-widget-heading\" data-id=\"375d44c\" data-element_type=\"widget\" data-e-type=\"widget\" data-widget_type=\"heading.default\">\n\t\t\t\t<div class=\"elementor-widget-container\">\n\t\t\t\t\t<h2 class=\"elementor-heading-title elementor-size-default\">Petrochemicals Catalysts<\/h2>\t\t\t\t<\/div>\n\t\t\t\t<\/div>\n\t\t\t\t<div class=\"elementor-element elementor-element-eaf5254 elementor-widget elementor-widget-text-editor\" data-id=\"eaf5254\" data-element_type=\"widget\" data-e-type=\"widget\" data-widget_type=\"text-editor.default\">\n\t\t\t\t<div class=\"elementor-widget-container\">\n\t\t\t\t\t\t\t\t\t<p>A wide range of catalysts for a broad spectrum of chemical and petrochemical processes (hydrogenation, dehydrogenation, amination, oxidation, halogenation, dehydration and hydration reactions).<\/p>\t\t\t\t\t\t\t\t<\/div>\n\t\t\t\t<\/div>\n\t\t\t\t\t<\/div>\n\t\t<\/div>\n\t\t\t\t\t<\/div>\n\t\t<\/section>\n\t\t\t\t\t<\/div>\n\t\t<\/div>\n\t\t\t\t\t<\/div>\n\t\t<\/section>\n\t\t\t\t<section class=\"elementor-section elementor-top-section elementor-element elementor-element-f51ef2e elementor-section-full_width elementor-section-height-default elementor-section-height-default\" data-id=\"f51ef2e\" data-element_type=\"section\" data-e-type=\"section\">\n\t\t\t\t\t\t<div class=\"elementor-container elementor-column-gap-default\">\n\t\t\t\t\t<div class=\"elementor-column elementor-col-100 elementor-top-column elementor-element elementor-element-72d9c65\" data-id=\"72d9c65\" data-element_type=\"column\" data-e-type=\"column\">\n\t\t\t<div class=\"elementor-widget-wrap elementor-element-populated\">\n\t\t\t\t\t\t<section class=\"elementor-section elementor-inner-section elementor-element elementor-element-dd2ed0b elementor-section-full_width elementor-section-height-default elementor-section-height-default\" data-id=\"dd2ed0b\" data-element_type=\"section\" data-e-type=\"section\">\n\t\t\t\t\t\t<div class=\"elementor-container elementor-column-gap-default\">\n\t\t\t\t\t<div class=\"elementor-column elementor-col-50 elementor-inner-column elementor-element elementor-element-47e1bdd\" data-id=\"47e1bdd\" data-element_type=\"column\" data-e-type=\"column\" data-settings=\"{&quot;background_background&quot;:&quot;classic&quot;}\">\n\t\t\t<div class=\"elementor-widget-wrap elementor-element-populated\">\n\t\t\t\t\t\t<div class=\"elementor-element elementor-element-baff084 elementor-widget elementor-widget-heading\" data-id=\"baff084\" data-element_type=\"widget\" data-e-type=\"widget\" data-widget_type=\"heading.default\">\n\t\t\t\t<div class=\"elementor-widget-container\">\n\t\t\t\t\t<h2 class=\"elementor-heading-title elementor-size-default\">We help you find the right products you need at the most competitive prices<\/h2>\t\t\t\t<\/div>\n\t\t\t\t<\/div>\n\t\t\t\t\t<\/div>\n\t\t<\/div>\n\t\t\t\t<div class=\"elementor-column elementor-col-50 elementor-inner-column elementor-element elementor-element-877772f\" data-id=\"877772f\" data-element_type=\"column\" data-e-type=\"column\" data-settings=\"{&quot;background_background&quot;:&quot;classic&quot;}\">\n\t\t\t<div class=\"elementor-widget-wrap elementor-element-populated\">\n\t\t\t\t\t\t<div class=\"elementor-element elementor-element-daa8cfc elementor-align-center elementor-widget elementor-widget-button\" data-id=\"daa8cfc\" data-element_type=\"widget\" data-e-type=\"widget\" data-widget_type=\"button.default\">\n\t\t\t\t<div class=\"elementor-widget-container\">\n\t\t\t\t\t\t\t\t\t<div class=\"elementor-button-wrapper\">\n\t\t\t\t\t<a class=\"elementor-button elementor-button-link elementor-size-lg\" href=\"https:\/\/ecomsa.com.ar\/en\/contact\/\">\n\t\t\t\t\t\t<span class=\"elementor-button-content-wrapper\">\n\t\t\t\t\t\t\t\t\t<span class=\"elementor-button-text\">Contact us<\/span>\n\t\t\t\t\t<\/span>\n\t\t\t\t\t<\/a>\n\t\t\t\t<\/div>\n\t\t\t\t\t\t\t\t<\/div>\n\t\t\t\t<\/div>\n\t\t\t\t\t<\/div>\n\t\t<\/div>\n\t\t\t\t\t<\/div>\n\t\t<\/section>\n\t\t\t\t\t<\/div>\n\t\t<\/div>\n\t\t\t\t\t<\/div>\n\t\t<\/section>\n\t\t\t\t<\/div>","protected":false},"excerpt":{"rendered":"<p>Catalizadores petroqu\u00edmicos Inicio &gt; Productos &gt; Catalizadores petroqu\u00edmicos \u00bfTiene alguna consulta?Ll\u00e1menos hoy +54 11 4776-7269 +54 9 11 5388-9339 Catalizadores petroqu\u00edmicos Una amplia gama de catalizadores para un vasto espectro de procesos qu\u00edmicos y petroqu\u00edmicos (hidrogenaci\u00f3n, deshidrogenaci\u00f3n, aminaci\u00f3n, oxidaci\u00f3n, halogenaci\u00f3n, deshidrataci\u00f3n y reacciones de hidrataci\u00f3n). Le ayudamos a encontrar los productos adecuados que necesita a [&hellip;]<\/p>\n","protected":false},"author":1,"featured_media":0,"parent":0,"menu_order":0,"comment_status":"closed","ping_status":"closed","template":"","meta":{"site-sidebar-layout":"no-sidebar","site-content-layout":"page-builder","ast-site-content-layout":"default","site-content-style":"default","site-sidebar-style":"default","ast-global-header-display":"","ast-banner-title-visibility":"","ast-main-header-display":"","ast-hfb-above-header-display":"","ast-hfb-below-header-display":"","ast-hfb-mobile-header-display":"","site-post-title":"disabled","ast-breadcrumbs-content":"","ast-featured-img":"disabled","footer-sml-layout":"","ast-disable-related-posts":"","theme-transparent-header-meta":"","adv-header-id-meta":"","stick-header-meta":"","header-above-stick-meta":"","header-main-stick-meta":"","header-below-stick-meta":"","astra-migrate-meta-layouts":"default","ast-page-background-enabled":"default","ast-page-background-meta":{"desktop":{"background-color":"var(--ast-global-color-4)","background-image":"","background-repeat":"repeat","background-position":"center center","background-size":"auto","background-attachment":"scroll","background-type":"","background-media":"","overlay-type":"","overlay-color":"","overlay-opacity":"","overlay-gradient":""},"tablet":{"background-color":"","background-image":"","background-repeat":"repeat","background-position":"center center","background-size":"auto","background-attachment":"scroll","background-type":"","background-media":"","overlay-type":"","overlay-color":"","overlay-opacity":"","overlay-gradient":""},"mobile":{"background-color":"","background-image":"","background-repeat":"repeat","background-position":"center center","background-size":"auto","background-attachment":"scroll","background-type":"","background-media":"","overlay-type":"","overlay-color":"","overlay-opacity":"","overlay-gradient":""}},"ast-content-background-meta":{"desktop":{"background-color":"var(--ast-global-color-5)","background-image":"","background-repeat":"repeat","background-position":"center center","background-size":"auto","background-attachment":"scroll","background-type":"","background-media":"","overlay-type":"","overlay-color":"","overlay-opacity":"","overlay-gradient":""},"tablet":{"background-color":"var(--ast-global-color-5)","background-image":"","background-repeat":"repeat","background-position":"center center","background-size":"auto","background-attachment":"scroll","background-type":"","background-media":"","overlay-type":"","overlay-color":"","overlay-opacity":"","overlay-gradient":""},"mobile":{"background-color":"var(--ast-global-color-5)","background-image":"","background-repeat":"repeat","background-position":"center center","background-size":"auto","background-attachment":"scroll","background-type":"","background-media":"","overlay-type":"","overlay-color":"","overlay-opacity":"","overlay-gradient":""}},"footnotes":""},"class_list":["post-111","page","type-page","status-publish","hentry"],"yoast_head":"<!-- This site is optimized with the Yoast SEO plugin v27.4 - https:\/\/yoast.com\/product\/yoast-seo-wordpress\/ -->\n<title>Catalizadores petroqu\u00edmicos - Ecom S.A.<\/title>\n<meta name=\"robots\" content=\"index, follow, max-snippet:-1, max-image-preview:large, max-video-preview:-1\" \/>\n<link rel=\"canonical\" href=\"https:\/\/ecomsa.com.ar\/en\/petrochemicals-catalysts\/\" \/>\n<meta property=\"og:locale\" content=\"en_US\" \/>\n<meta property=\"og:type\" content=\"article\" \/>\n<meta property=\"og:title\" content=\"Catalizadores petroqu\u00edmicos - Ecom S.A.\" \/>\n<meta property=\"og:description\" content=\"Catalizadores petroqu\u00edmicos Inicio &gt; Productos &gt; Catalizadores petroqu\u00edmicos \u00bfTiene alguna consulta?Ll\u00e1menos hoy +54 11 4776-7269 +54 9 11 5388-9339 Catalizadores petroqu\u00edmicos Una amplia gama de catalizadores para un vasto espectro de procesos qu\u00edmicos y petroqu\u00edmicos (hidrogenaci\u00f3n, deshidrogenaci\u00f3n, aminaci\u00f3n, oxidaci\u00f3n, halogenaci\u00f3n, deshidrataci\u00f3n y reacciones de hidrataci\u00f3n). Le ayudamos a encontrar los productos adecuados que necesita a [&hellip;]\" \/>\n<meta property=\"og:url\" content=\"https:\/\/ecomsa.com.ar\/en\/petrochemicals-catalysts\/\" \/>\n<meta property=\"og:site_name\" content=\"Ecom S.A.\" \/>\n<meta property=\"article:modified_time\" content=\"2022-09-14T18:43:26+00:00\" \/>\n<meta name=\"twitter:card\" content=\"summary_large_image\" \/>\n<script type=\"application\/ld+json\" class=\"yoast-schema-graph\">{\"@context\":\"https:\\\/\\\/schema.org\",\"@graph\":[{\"@type\":\"WebPage\",\"@id\":\"https:\\\/\\\/ecomsa.com.ar\\\/catalizadores-petroquimicos\\\/\",\"url\":\"https:\\\/\\\/ecomsa.com.ar\\\/catalizadores-petroquimicos\\\/\",\"name\":\"Catalizadores petroqu\u00edmicos - Ecom S.A.\",\"isPartOf\":{\"@id\":\"https:\\\/\\\/ecomsa.com.ar\\\/#website\"},\"datePublished\":\"2022-07-01T19:07:28+00:00\",\"dateModified\":\"2022-09-14T18:43:26+00:00\",\"breadcrumb\":{\"@id\":\"https:\\\/\\\/ecomsa.com.ar\\\/catalizadores-petroquimicos\\\/#breadcrumb\"},\"inLanguage\":\"en-US\",\"potentialAction\":[{\"@type\":\"ReadAction\",\"target\":[\"https:\\\/\\\/ecomsa.com.ar\\\/catalizadores-petroquimicos\\\/\"]}]},{\"@type\":\"BreadcrumbList\",\"@id\":\"https:\\\/\\\/ecomsa.com.ar\\\/catalizadores-petroquimicos\\\/#breadcrumb\",\"itemListElement\":[{\"@type\":\"ListItem\",\"position\":1,\"name\":\"Portada\",\"item\":\"https:\\\/\\\/ecomsa.com.ar\\\/\"},{\"@type\":\"ListItem\",\"position\":2,\"name\":\"Catalizadores petroqu\u00edmicos\"}]},{\"@type\":\"WebSite\",\"@id\":\"https:\\\/\\\/ecomsa.com.ar\\\/#website\",\"url\":\"https:\\\/\\\/ecomsa.com.ar\\\/\",\"name\":\"Ecom S.A.\",\"description\":\"Productos qu\u00edmicos\",\"publisher\":{\"@id\":\"https:\\\/\\\/ecomsa.com.ar\\\/#organization\"},\"potentialAction\":[{\"@type\":\"SearchAction\",\"target\":{\"@type\":\"EntryPoint\",\"urlTemplate\":\"https:\\\/\\\/ecomsa.com.ar\\\/?s={search_term_string}\"},\"query-input\":{\"@type\":\"PropertyValueSpecification\",\"valueRequired\":true,\"valueName\":\"search_term_string\"}}],\"inLanguage\":\"en-US\"},{\"@type\":\"Organization\",\"@id\":\"https:\\\/\\\/ecomsa.com.ar\\\/#organization\",\"name\":\"Ecom S.A.\",\"url\":\"https:\\\/\\\/ecomsa.com.ar\\\/\",\"logo\":{\"@type\":\"ImageObject\",\"inLanguage\":\"en-US\",\"@id\":\"https:\\\/\\\/ecomsa.com.ar\\\/#\\\/schema\\\/logo\\\/image\\\/\",\"url\":\"https:\\\/\\\/ecomsa.com.ar\\\/wp-content\\\/uploads\\\/2022\\\/06\\\/logo.png\",\"contentUrl\":\"https:\\\/\\\/ecomsa.com.ar\\\/wp-content\\\/uploads\\\/2022\\\/06\\\/logo.png\",\"width\":200,\"height\":65,\"caption\":\"Ecom S.A.\"},\"image\":{\"@id\":\"https:\\\/\\\/ecomsa.com.ar\\\/#\\\/schema\\\/logo\\\/image\\\/\"},\"sameAs\":[\"https:\\\/\\\/www.linkedin.com\\\/company\\\/ecom-chemicals\"]}]}<\/script>\n<!-- \/ Yoast SEO plugin. -->","yoast_head_json":{"title":"Catalizadores petroqu\u00edmicos - Ecom S.A.","robots":{"index":"index","follow":"follow","max-snippet":"max-snippet:-1","max-image-preview":"max-image-preview:large","max-video-preview":"max-video-preview:-1"},"canonical":"https:\/\/ecomsa.com.ar\/en\/petrochemicals-catalysts\/","og_locale":"en_US","og_type":"article","og_title":"Catalizadores petroqu\u00edmicos - Ecom S.A.","og_description":"Catalizadores petroqu\u00edmicos Inicio &gt; Productos &gt; Catalizadores petroqu\u00edmicos \u00bfTiene alguna consulta?Ll\u00e1menos hoy +54 11 4776-7269 +54 9 11 5388-9339 Catalizadores petroqu\u00edmicos Una amplia gama de catalizadores para un vasto espectro de procesos qu\u00edmicos y petroqu\u00edmicos (hidrogenaci\u00f3n, deshidrogenaci\u00f3n, aminaci\u00f3n, oxidaci\u00f3n, halogenaci\u00f3n, deshidrataci\u00f3n y reacciones de hidrataci\u00f3n). Le ayudamos a encontrar los productos adecuados que necesita a [&hellip;]","og_url":"https:\/\/ecomsa.com.ar\/en\/petrochemicals-catalysts\/","og_site_name":"Ecom S.A.","article_modified_time":"2022-09-14T18:43:26+00:00","twitter_card":"summary_large_image","schema":{"@context":"https:\/\/schema.org","@graph":[{"@type":"WebPage","@id":"https:\/\/ecomsa.com.ar\/catalizadores-petroquimicos\/","url":"https:\/\/ecomsa.com.ar\/catalizadores-petroquimicos\/","name":"Catalizadores petroqu\u00edmicos - Ecom S.A.","isPartOf":{"@id":"https:\/\/ecomsa.com.ar\/#website"},"datePublished":"2022-07-01T19:07:28+00:00","dateModified":"2022-09-14T18:43:26+00:00","breadcrumb":{"@id":"https:\/\/ecomsa.com.ar\/catalizadores-petroquimicos\/#breadcrumb"},"inLanguage":"en-US","potentialAction":[{"@type":"ReadAction","target":["https:\/\/ecomsa.com.ar\/catalizadores-petroquimicos\/"]}]},{"@type":"BreadcrumbList","@id":"https:\/\/ecomsa.com.ar\/catalizadores-petroquimicos\/#breadcrumb","itemListElement":[{"@type":"ListItem","position":1,"name":"Portada","item":"https:\/\/ecomsa.com.ar\/"},{"@type":"ListItem","position":2,"name":"Catalizadores petroqu\u00edmicos"}]},{"@type":"WebSite","@id":"https:\/\/ecomsa.com.ar\/#website","url":"https:\/\/ecomsa.com.ar\/","name":"Ecom S.A.","description":"Productos qu\u00edmicos","publisher":{"@id":"https:\/\/ecomsa.com.ar\/#organization"},"potentialAction":[{"@type":"SearchAction","target":{"@type":"EntryPoint","urlTemplate":"https:\/\/ecomsa.com.ar\/?s={search_term_string}"},"query-input":{"@type":"PropertyValueSpecification","valueRequired":true,"valueName":"search_term_string"}}],"inLanguage":"en-US"},{"@type":"Organization","@id":"https:\/\/ecomsa.com.ar\/#organization","name":"Ecom S.A.","url":"https:\/\/ecomsa.com.ar\/","logo":{"@type":"ImageObject","inLanguage":"en-US","@id":"https:\/\/ecomsa.com.ar\/#\/schema\/logo\/image\/","url":"https:\/\/ecomsa.com.ar\/wp-content\/uploads\/2022\/06\/logo.png","contentUrl":"https:\/\/ecomsa.com.ar\/wp-content\/uploads\/2022\/06\/logo.png","width":200,"height":65,"caption":"Ecom S.A."},"image":{"@id":"https:\/\/ecomsa.com.ar\/#\/schema\/logo\/image\/"},"sameAs":["https:\/\/www.linkedin.com\/company\/ecom-chemicals"]}]}},"_links":{"self":[{"href":"https:\/\/ecomsa.com.ar\/en\/wp-json\/wp\/v2\/pages\/111","targetHints":{"allow":["GET"]}}],"collection":[{"href":"https:\/\/ecomsa.com.ar\/en\/wp-json\/wp\/v2\/pages"}],"about":[{"href":"https:\/\/ecomsa.com.ar\/en\/wp-json\/wp\/v2\/types\/page"}],"author":[{"embeddable":true,"href":"https:\/\/ecomsa.com.ar\/en\/wp-json\/wp\/v2\/users\/1"}],"replies":[{"embeddable":true,"href":"https:\/\/ecomsa.com.ar\/en\/wp-json\/wp\/v2\/comments?post=111"}],"version-history":[{"count":0,"href":"https:\/\/ecomsa.com.ar\/en\/wp-json\/wp\/v2\/pages\/111\/revisions"}],"wp:attachment":[{"href":"https:\/\/ecomsa.com.ar\/en\/wp-json\/wp\/v2\/media?parent=111"}],"curies":[{"name":"wp","href":"https:\/\/api.w.org\/{rel}","templated":true}]}}