{"id":114,"date":"2022-07-01T16:08:03","date_gmt":"2022-07-01T19:08:03","guid":{"rendered":"https:\/\/ecomsa.com.ar\/?page_id=114"},"modified":"2025-07-01T19:14:33","modified_gmt":"2025-07-01T22:14:33","slug":"water-treatment-chemicals","status":"publish","type":"page","link":"https:\/\/ecomsa.com.ar\/en\/quimicos-para-tratamiento-de-aguas\/","title":{"rendered":"Water Treatment Chemicals"},"content":{"rendered":"<div data-elementor-type=\"wp-page\" data-elementor-id=\"114\" class=\"elementor elementor-114\" data-elementor-post-type=\"page\">\n\t\t\t\t\t\t<section class=\"elementor-section elementor-top-section elementor-element elementor-element-4b1f30e elementor-section-height-min-height elementor-section-boxed elementor-section-height-default elementor-section-items-middle\" data-id=\"4b1f30e\" data-element_type=\"section\" data-e-type=\"section\" data-settings=\"{&quot;background_background&quot;:&quot;classic&quot;}\">\n\t\t\t\t\t\t\t<div class=\"elementor-background-overlay\"><\/div>\n\t\t\t\t\t\t\t<div class=\"elementor-container elementor-column-gap-default\">\n\t\t\t\t\t<div class=\"elementor-column elementor-col-100 elementor-top-column elementor-element elementor-element-355fb86\" data-id=\"355fb86\" data-element_type=\"column\" data-e-type=\"column\">\n\t\t\t<div class=\"elementor-widget-wrap elementor-element-populated\">\n\t\t\t\t\t\t<div class=\"elementor-element elementor-element-c35bb97 elementor-widget elementor-widget-heading\" data-id=\"c35bb97\" data-element_type=\"widget\" data-e-type=\"widget\" data-widget_type=\"heading.default\">\n\t\t\t\t<div class=\"elementor-widget-container\">\n\t\t\t\t\t<h2 class=\"elementor-heading-title elementor-size-default\">Water Treatment Chemicals<\/h2>\t\t\t\t<\/div>\n\t\t\t\t<\/div>\n\t\t\t\t<div class=\"elementor-element elementor-element-6108e52 elementor-widget elementor-widget-text-editor\" data-id=\"6108e52\" data-element_type=\"widget\" data-e-type=\"widget\" data-widget_type=\"text-editor.default\">\n\t\t\t\t<div class=\"elementor-widget-container\">\n\t\t\t\t\t\t\t\t\t<p><a href=\"https:\/\/ecomsa.com.ar\/en\/\">Home<\/a> &gt; <a href=\"https:\/\/ecomsa.com.ar\/en\/#productos\">Products<\/a> &gt; Qu\u00edmicos para tratamiento de aguas<\/p>\t\t\t\t\t\t\t\t<\/div>\n\t\t\t\t<\/div>\n\t\t\t\t\t<\/div>\n\t\t<\/div>\n\t\t\t\t\t<\/div>\n\t\t<\/section>\n\t\t\t\t<section class=\"elementor-section elementor-top-section elementor-element elementor-element-6db3ca3 elementor-section-boxed elementor-section-height-default elementor-section-height-default\" data-id=\"6db3ca3\" data-element_type=\"section\" data-e-type=\"section\">\n\t\t\t\t\t\t<div class=\"elementor-container elementor-column-gap-default\">\n\t\t\t\t\t<div class=\"elementor-column elementor-col-100 elementor-top-column elementor-element elementor-element-959475d\" data-id=\"959475d\" data-element_type=\"column\" data-e-type=\"column\">\n\t\t\t<div class=\"elementor-widget-wrap elementor-element-populated\">\n\t\t\t\t\t\t<section class=\"elementor-section elementor-inner-section elementor-element elementor-element-e7f06c3 elementor-reverse-mobile elementor-section-boxed elementor-section-height-default elementor-section-height-default\" data-id=\"e7f06c3\" data-element_type=\"section\" data-e-type=\"section\">\n\t\t\t\t\t\t<div class=\"elementor-container elementor-column-gap-default\">\n\t\t\t\t\t<div class=\"elementor-column elementor-col-50 elementor-inner-column elementor-element elementor-element-959363c\" data-id=\"959363c\" data-element_type=\"column\" data-e-type=\"column\">\n\t\t\t<div class=\"elementor-widget-wrap elementor-element-populated\">\n\t\t\t\t\t\t<div class=\"elementor-element elementor-element-ca15cf7 elementor-nav-menu--dropdown-tablet elementor-nav-menu__text-align-aside elementor-nav-menu--toggle elementor-nav-menu--burger elementor-widget elementor-widget-nav-menu\" data-id=\"ca15cf7\" data-element_type=\"widget\" data-e-type=\"widget\" data-settings=\"{&quot;layout&quot;:&quot;vertical&quot;,&quot;submenu_icon&quot;:{&quot;value&quot;:&quot;&lt;i class=\\&quot;fas fa-caret-down\\&quot; aria-hidden=\\&quot;true\\&quot;&gt;&lt;\\\/i&gt;&quot;,&quot;library&quot;:&quot;fa-solid&quot;},&quot;toggle&quot;:&quot;burger&quot;}\" data-widget_type=\"nav-menu.default\">\n\t\t\t\t<div class=\"elementor-widget-container\">\n\t\t\t\t\t\t\t\t<nav aria-label=\"Menu\" class=\"elementor-nav-menu--main elementor-nav-menu__container elementor-nav-menu--layout-vertical e--pointer-none\">\n\t\t\t\t<ul id=\"menu-1-ca15cf7\" class=\"elementor-nav-menu sm-vertical\"><li class=\"menu-item menu-item-type-post_type menu-item-object-page menu-item-136\"><a href=\"https:\/\/ecomsa.com.ar\/en\/quimicos-industriales\/\" class=\"elementor-item menu-link\">Industrial Chemicals<\/a><\/li>\n<li class=\"menu-item menu-item-type-post_type menu-item-object-page menu-item-137\"><a href=\"https:\/\/ecomsa.com.ar\/en\/catalizadores-petroquimicos\/\" class=\"elementor-item menu-link\">Petrochemicals Catalysts<\/a><\/li>\n<li class=\"menu-item menu-item-type-post_type menu-item-object-page menu-item-1124\"><a href=\"https:\/\/ecomsa.com.ar\/en\/quimicos-para-oil-gas\/\" class=\"elementor-item menu-link\">Oil field chemicals<\/a><\/li>\n<li class=\"menu-item menu-item-type-post_type menu-item-object-page menu-item-134\"><a href=\"https:\/\/ecomsa.com.ar\/en\/rellenos-para-torres-y-soporte-de-catalizadores\/\" class=\"elementor-item menu-link\">Tower Packing<\/a><\/li>\n<li class=\"menu-item menu-item-type-post_type menu-item-object-page menu-item-138\"><a href=\"https:\/\/ecomsa.com.ar\/en\/colorantes-y-pigmentos\/\" class=\"elementor-item menu-link\">Dyes, Pigments &amp; Food Colors<\/a><\/li>\n<li class=\"menu-item menu-item-type-post_type menu-item-object-page menu-item-135\"><a href=\"https:\/\/ecomsa.com.ar\/en\/resinas-varias\/\" class=\"elementor-item menu-link\">Ion Exchange Resins<\/a><\/li>\n<li class=\"menu-item menu-item-type-post_type menu-item-object-page menu-item-131\"><a href=\"https:\/\/ecomsa.com.ar\/en\/ferro-aleaciones-y-productos-de-aceria\/\" class=\"elementor-item menu-link\">Ferro Alloys and Steel Products<\/a><\/li>\n<li class=\"menu-item menu-item-type-post_type menu-item-object-page menu-item-132\"><a href=\"https:\/\/ecomsa.com.ar\/en\/quimicos-para-mineria\/\" class=\"elementor-item menu-link\">Chemicals for Mining<\/a><\/li>\n<li class=\"menu-item menu-item-type-post_type menu-item-object-page menu-item-130\"><a href=\"https:\/\/ecomsa.com.ar\/en\/carbon-activado\/\" class=\"elementor-item menu-link\">Activated Carbon<\/a><\/li>\n<li class=\"menu-item menu-item-type-post_type menu-item-object-page menu-item-133\"><a href=\"https:\/\/ecomsa.com.ar\/en\/quimicos-para-tratamiento-de-aguas\/\" class=\"elementor-item menu-link\">Water Treatment Chemicals<\/a><\/li>\n<li class=\"menu-item menu-item-type-post_type menu-item-object-page menu-item-4318\"><a href=\"https:\/\/ecomsa.com.ar\/en\/aditivos-alimenticios\/\" class=\"elementor-item menu-link\">Food additives<\/a><\/li>\n<\/ul>\t\t\t<\/nav>\n\t\t\t\t\t<div class=\"elementor-menu-toggle\" role=\"button\" tabindex=\"0\" aria-label=\"Menu Toggle\" aria-expanded=\"false\">\n\t\t\t<i aria-hidden=\"true\" role=\"presentation\" class=\"elementor-menu-toggle__icon--open eicon-menu-bar\"><\/i><i aria-hidden=\"true\" role=\"presentation\" class=\"elementor-menu-toggle__icon--close eicon-close\"><\/i>\t\t<\/div>\n\t\t\t\t\t<nav class=\"elementor-nav-menu--dropdown elementor-nav-menu__container\" aria-hidden=\"true\">\n\t\t\t\t<ul id=\"menu-2-ca15cf7\" class=\"elementor-nav-menu sm-vertical\"><li class=\"menu-item menu-item-type-post_type menu-item-object-page menu-item-136\"><a href=\"https:\/\/ecomsa.com.ar\/en\/quimicos-industriales\/\" class=\"elementor-item menu-link\" tabindex=\"-1\">Industrial Chemicals<\/a><\/li>\n<li class=\"menu-item menu-item-type-post_type menu-item-object-page menu-item-137\"><a href=\"https:\/\/ecomsa.com.ar\/en\/catalizadores-petroquimicos\/\" class=\"elementor-item menu-link\" tabindex=\"-1\">Petrochemicals Catalysts<\/a><\/li>\n<li class=\"menu-item menu-item-type-post_type menu-item-object-page menu-item-1124\"><a href=\"https:\/\/ecomsa.com.ar\/en\/quimicos-para-oil-gas\/\" class=\"elementor-item menu-link\" tabindex=\"-1\">Oil field chemicals<\/a><\/li>\n<li class=\"menu-item menu-item-type-post_type menu-item-object-page menu-item-134\"><a href=\"https:\/\/ecomsa.com.ar\/en\/rellenos-para-torres-y-soporte-de-catalizadores\/\" class=\"elementor-item menu-link\" tabindex=\"-1\">Tower Packing<\/a><\/li>\n<li class=\"menu-item menu-item-type-post_type menu-item-object-page menu-item-138\"><a href=\"https:\/\/ecomsa.com.ar\/en\/colorantes-y-pigmentos\/\" class=\"elementor-item menu-link\" tabindex=\"-1\">Dyes, Pigments &amp; Food Colors<\/a><\/li>\n<li class=\"menu-item menu-item-type-post_type menu-item-object-page menu-item-135\"><a href=\"https:\/\/ecomsa.com.ar\/en\/resinas-varias\/\" class=\"elementor-item menu-link\" tabindex=\"-1\">Ion Exchange Resins<\/a><\/li>\n<li class=\"menu-item menu-item-type-post_type menu-item-object-page menu-item-131\"><a href=\"https:\/\/ecomsa.com.ar\/en\/ferro-aleaciones-y-productos-de-aceria\/\" class=\"elementor-item menu-link\" tabindex=\"-1\">Ferro Alloys and Steel Products<\/a><\/li>\n<li class=\"menu-item menu-item-type-post_type menu-item-object-page menu-item-132\"><a href=\"https:\/\/ecomsa.com.ar\/en\/quimicos-para-mineria\/\" class=\"elementor-item menu-link\" tabindex=\"-1\">Chemicals for Mining<\/a><\/li>\n<li class=\"menu-item menu-item-type-post_type menu-item-object-page menu-item-130\"><a href=\"https:\/\/ecomsa.com.ar\/en\/carbon-activado\/\" class=\"elementor-item menu-link\" tabindex=\"-1\">Activated Carbon<\/a><\/li>\n<li class=\"menu-item menu-item-type-post_type menu-item-object-page menu-item-133\"><a href=\"https:\/\/ecomsa.com.ar\/en\/quimicos-para-tratamiento-de-aguas\/\" class=\"elementor-item menu-link\" tabindex=\"-1\">Water Treatment Chemicals<\/a><\/li>\n<li class=\"menu-item menu-item-type-post_type menu-item-object-page menu-item-4318\"><a href=\"https:\/\/ecomsa.com.ar\/en\/aditivos-alimenticios\/\" class=\"elementor-item menu-link\" tabindex=\"-1\">Food additives<\/a><\/li>\n<\/ul>\t\t\t<\/nav>\n\t\t\t\t\t\t<\/div>\n\t\t\t\t<\/div>\n\t\t\t\t<div class=\"elementor-element elementor-element-8c2653a elementor-view-default elementor-position-block-start elementor-mobile-position-block-start elementor-widget elementor-widget-icon-box\" data-id=\"8c2653a\" data-element_type=\"widget\" data-e-type=\"widget\" data-widget_type=\"icon-box.default\">\n\t\t\t\t<div class=\"elementor-widget-container\">\n\t\t\t\t\t\t\t<div class=\"elementor-icon-box-wrapper\">\n\n\t\t\t\t\t\t<div class=\"elementor-icon-box-icon\">\n\t\t\t\t<span  class=\"elementor-icon\">\n\t\t\t\t<i aria-hidden=\"true\" class=\"fas fa-phone-alt\"><\/i>\t\t\t\t<\/span>\n\t\t\t<\/div>\n\t\t\t\n\t\t\t\t\t\t<div class=\"elementor-icon-box-content\">\n\n\t\t\t\t\t\t\t\t\t<h3 class=\"elementor-icon-box-title\">\n\t\t\t\t\t\t<span  >\n\t\t\t\t\t\t\tGot any Questions?<br>Call us today\t\t\t\t\t\t<\/span>\n\t\t\t\t\t<\/h3>\n\t\t\t\t\n\t\t\t\t\t\t\t\t\t<p class=\"elementor-icon-box-description translation-block\">+1 (346) 319-0205<\/p>\n\t\t\t\t\n\t\t\t<\/div>\n\t\t\t\n\t\t<\/div>\n\t\t\t\t\t\t<\/div>\n\t\t\t\t<\/div>\n\t\t\t\t\t<\/div>\n\t\t<\/div>\n\t\t\t\t<div class=\"elementor-column elementor-col-50 elementor-inner-column elementor-element elementor-element-9b5667b\" data-id=\"9b5667b\" data-element_type=\"column\" data-e-type=\"column\">\n\t\t\t<div class=\"elementor-widget-wrap elementor-element-populated\">\n\t\t\t\t\t\t<div class=\"elementor-element elementor-element-9a6e5b1 elementor-widget elementor-widget-heading\" data-id=\"9a6e5b1\" data-element_type=\"widget\" data-e-type=\"widget\" data-widget_type=\"heading.default\">\n\t\t\t\t<div class=\"elementor-widget-container\">\n\t\t\t\t\t<h2 class=\"elementor-heading-title elementor-size-default\">Water Treatment Chemicals<\/h2>\t\t\t\t<\/div>\n\t\t\t\t<\/div>\n\t\t\t\t<div class=\"elementor-element elementor-element-94984d2 elementor-widget elementor-widget-text-editor\" data-id=\"94984d2\" data-element_type=\"widget\" data-e-type=\"widget\" data-widget_type=\"text-editor.default\">\n\t\t\t\t<div class=\"elementor-widget-container\">\n\t\t\t\t\t\t\t\t\t<p>A complete range of chemicals for water treatment applications in municipal, industrial and utilities applications.<\/p>\t\t\t\t\t\t\t\t<\/div>\n\t\t\t\t<\/div>\n\t\t\t\t<div class=\"elementor-element elementor-element-559dd6b elementor-widget elementor-widget-text-editor\" data-id=\"559dd6b\" data-element_type=\"widget\" data-e-type=\"widget\" data-widget_type=\"text-editor.default\">\n\t\t\t\t<div class=\"elementor-widget-container\">\n\t\t\t\t\t\t\t\t\t<p class=\"translation-block\">\u2022 Aluminum Sulfate<br>\u2022 Anhydrous Ammonia<br>\u2022 Activated Carbon<br>\u2022 Copper Sulfate<br>\u2022 Ferric Chloride<br>\u2022 Ferric Sulfate<br>\u2022 HFS Acid<br>\u2022 Phosphates<br>\u2022 Polyaluminum Chlorides<br>\u2022 Potassium Permanganate<br>\u2022 Soda Ash<br>\u2022 Sodium Silicafluoride<\/p>\t\t\t\t\t\t\t\t<\/div>\n\t\t\t\t<\/div>\n\t\t\t\t\t<\/div>\n\t\t<\/div>\n\t\t\t\t\t<\/div>\n\t\t<\/section>\n\t\t\t\t\t<\/div>\n\t\t<\/div>\n\t\t\t\t\t<\/div>\n\t\t<\/section>\n\t\t\t\t<section class=\"elementor-section elementor-top-section elementor-element elementor-element-f9f60de elementor-section-full_width elementor-section-height-default elementor-section-height-default\" data-id=\"f9f60de\" data-element_type=\"section\" data-e-type=\"section\">\n\t\t\t\t\t\t<div class=\"elementor-container elementor-column-gap-default\">\n\t\t\t\t\t<div class=\"elementor-column elementor-col-100 elementor-top-column elementor-element elementor-element-0988123\" data-id=\"0988123\" data-element_type=\"column\" data-e-type=\"column\">\n\t\t\t<div class=\"elementor-widget-wrap elementor-element-populated\">\n\t\t\t\t\t\t<section class=\"elementor-section elementor-inner-section elementor-element elementor-element-6a43c53 elementor-section-full_width elementor-section-height-default elementor-section-height-default\" data-id=\"6a43c53\" data-element_type=\"section\" data-e-type=\"section\">\n\t\t\t\t\t\t<div class=\"elementor-container elementor-column-gap-default\">\n\t\t\t\t\t<div class=\"elementor-column elementor-col-50 elementor-inner-column elementor-element elementor-element-d5a2776\" data-id=\"d5a2776\" data-element_type=\"column\" data-e-type=\"column\" data-settings=\"{&quot;background_background&quot;:&quot;classic&quot;}\">\n\t\t\t<div class=\"elementor-widget-wrap elementor-element-populated\">\n\t\t\t\t\t\t<div class=\"elementor-element elementor-element-059ab77 elementor-widget elementor-widget-heading\" data-id=\"059ab77\" data-element_type=\"widget\" data-e-type=\"widget\" data-widget_type=\"heading.default\">\n\t\t\t\t<div class=\"elementor-widget-container\">\n\t\t\t\t\t<h2 class=\"elementor-heading-title elementor-size-default\">We help you find the right products you need at the most competitive prices<\/h2>\t\t\t\t<\/div>\n\t\t\t\t<\/div>\n\t\t\t\t\t<\/div>\n\t\t<\/div>\n\t\t\t\t<div class=\"elementor-column elementor-col-50 elementor-inner-column elementor-element elementor-element-bf3274d\" data-id=\"bf3274d\" data-element_type=\"column\" data-e-type=\"column\" data-settings=\"{&quot;background_background&quot;:&quot;classic&quot;}\">\n\t\t\t<div class=\"elementor-widget-wrap elementor-element-populated\">\n\t\t\t\t\t\t<div class=\"elementor-element elementor-element-aa87a22 elementor-align-center elementor-widget elementor-widget-button\" data-id=\"aa87a22\" data-element_type=\"widget\" data-e-type=\"widget\" data-widget_type=\"button.default\">\n\t\t\t\t<div class=\"elementor-widget-container\">\n\t\t\t\t\t\t\t\t\t<div class=\"elementor-button-wrapper\">\n\t\t\t\t\t<a class=\"elementor-button elementor-button-link elementor-size-lg\" href=\"https:\/\/ecomsa.com.ar\/en\/contact\/\">\n\t\t\t\t\t\t<span class=\"elementor-button-content-wrapper\">\n\t\t\t\t\t\t\t\t\t<span class=\"elementor-button-text\">Contact us<\/span>\n\t\t\t\t\t<\/span>\n\t\t\t\t\t<\/a>\n\t\t\t\t<\/div>\n\t\t\t\t\t\t\t\t<\/div>\n\t\t\t\t<\/div>\n\t\t\t\t\t<\/div>\n\t\t<\/div>\n\t\t\t\t\t<\/div>\n\t\t<\/section>\n\t\t\t\t\t<\/div>\n\t\t<\/div>\n\t\t\t\t\t<\/div>\n\t\t<\/section>\n\t\t\t\t<\/div>","protected":false},"excerpt":{"rendered":"<p>Qu\u00edmicos para tratamiento de aguas Inicio &gt; Productos &gt; Qu\u00edmicos para tratamiento de aguas \u00bfTiene alguna consulta?Ll\u00e1menos hoy +54 11 4776-7269 +54 9 11 5388-9339 Qu\u00edmicos para tratamiento de aguas Una gama completa de productos qu\u00edmicos para aplicaciones de tratamiento de agua en aplicaciones municipales, industriales y de servicios p\u00fablicos. \u2022 Sulfato de aluminio\u2022 Amoniaco [&hellip;]<\/p>\n","protected":false},"author":1,"featured_media":0,"parent":0,"menu_order":0,"comment_status":"closed","ping_status":"closed","template":"","meta":{"site-sidebar-layout":"no-sidebar","site-content-layout":"page-builder","ast-site-content-layout":"default","site-content-style":"default","site-sidebar-style":"default","ast-global-header-display":"","ast-banner-title-visibility":"","ast-main-header-display":"","ast-hfb-above-header-display":"","ast-hfb-below-header-display":"","ast-hfb-mobile-header-display":"","site-post-title":"disabled","ast-breadcrumbs-content":"","ast-featured-img":"disabled","footer-sml-layout":"","ast-disable-related-posts":"","theme-transparent-header-meta":"","adv-header-id-meta":"","stick-header-meta":"","header-above-stick-meta":"","header-main-stick-meta":"","header-below-stick-meta":"","astra-migrate-meta-layouts":"default","ast-page-background-enabled":"default","ast-page-background-meta":{"desktop":{"background-color":"var(--ast-global-color-4)","background-image":"","background-repeat":"repeat","background-position":"center center","background-size":"auto","background-attachment":"scroll","background-type":"","background-media":"","overlay-type":"","overlay-color":"","overlay-opacity":"","overlay-gradient":""},"tablet":{"background-color":"","background-image":"","background-repeat":"repeat","background-position":"center center","background-size":"auto","background-attachment":"scroll","background-type":"","background-media":"","overlay-type":"","overlay-color":"","overlay-opacity":"","overlay-gradient":""},"mobile":{"background-color":"","background-image":"","background-repeat":"repeat","background-position":"center center","background-size":"auto","background-attachment":"scroll","background-type":"","background-media":"","overlay-type":"","overlay-color":"","overlay-opacity":"","overlay-gradient":""}},"ast-content-background-meta":{"desktop":{"background-color":"var(--ast-global-color-5)","background-image":"","background-repeat":"repeat","background-position":"center center","background-size":"auto","background-attachment":"scroll","background-type":"","background-media":"","overlay-type":"","overlay-color":"","overlay-opacity":"","overlay-gradient":""},"tablet":{"background-color":"var(--ast-global-color-5)","background-image":"","background-repeat":"repeat","background-position":"center center","background-size":"auto","background-attachment":"scroll","background-type":"","background-media":"","overlay-type":"","overlay-color":"","overlay-opacity":"","overlay-gradient":""},"mobile":{"background-color":"var(--ast-global-color-5)","background-image":"","background-repeat":"repeat","background-position":"center center","background-size":"auto","background-attachment":"scroll","background-type":"","background-media":"","overlay-type":"","overlay-color":"","overlay-opacity":"","overlay-gradient":""}},"footnotes":""},"class_list":["post-114","page","type-page","status-publish","hentry"],"yoast_head":"<!-- This site is optimized with the Yoast SEO plugin v27.4 - https:\/\/yoast.com\/product\/yoast-seo-wordpress\/ -->\n<title>Qu\u00edmicos para tratamiento de aguas - Ecom S.A.<\/title>\n<meta name=\"robots\" content=\"index, follow, max-snippet:-1, max-image-preview:large, max-video-preview:-1\" \/>\n<link rel=\"canonical\" href=\"https:\/\/ecomsa.com.ar\/en\/water-treatment-chemicals\/\" \/>\n<meta property=\"og:locale\" content=\"en_US\" \/>\n<meta property=\"og:type\" content=\"article\" \/>\n<meta property=\"og:title\" content=\"Qu\u00edmicos para tratamiento de aguas - Ecom S.A.\" \/>\n<meta property=\"og:description\" content=\"Qu\u00edmicos para tratamiento de aguas Inicio &gt; Productos &gt; Qu\u00edmicos para tratamiento de aguas \u00bfTiene alguna consulta?Ll\u00e1menos hoy +54 11 4776-7269 +54 9 11 5388-9339 Qu\u00edmicos para tratamiento de aguas Una gama completa de productos qu\u00edmicos para aplicaciones de tratamiento de agua en aplicaciones municipales, industriales y de servicios p\u00fablicos. \u2022 Sulfato de aluminio\u2022 Amoniaco [&hellip;]\" \/>\n<meta property=\"og:url\" content=\"https:\/\/ecomsa.com.ar\/en\/water-treatment-chemicals\/\" \/>\n<meta property=\"og:site_name\" content=\"Ecom S.A.\" \/>\n<meta property=\"article:modified_time\" content=\"2025-07-01T22:14:33+00:00\" \/>\n<meta name=\"twitter:card\" content=\"summary_large_image\" \/>\n<meta name=\"twitter:label1\" content=\"Est. reading time\" \/>\n\t<meta name=\"twitter:data1\" content=\"1 minute\" \/>\n<script type=\"application\/ld+json\" class=\"yoast-schema-graph\">{\"@context\":\"https:\\\/\\\/schema.org\",\"@graph\":[{\"@type\":\"WebPage\",\"@id\":\"https:\\\/\\\/ecomsa.com.ar\\\/quimicos-para-tratamiento-de-aguas\\\/\",\"url\":\"https:\\\/\\\/ecomsa.com.ar\\\/quimicos-para-tratamiento-de-aguas\\\/\",\"name\":\"Qu\u00edmicos para tratamiento de aguas - Ecom S.A.\",\"isPartOf\":{\"@id\":\"https:\\\/\\\/ecomsa.com.ar\\\/#website\"},\"datePublished\":\"2022-07-01T19:08:03+00:00\",\"dateModified\":\"2025-07-01T22:14:33+00:00\",\"breadcrumb\":{\"@id\":\"https:\\\/\\\/ecomsa.com.ar\\\/quimicos-para-tratamiento-de-aguas\\\/#breadcrumb\"},\"inLanguage\":\"en-US\",\"potentialAction\":[{\"@type\":\"ReadAction\",\"target\":[\"https:\\\/\\\/ecomsa.com.ar\\\/quimicos-para-tratamiento-de-aguas\\\/\"]}]},{\"@type\":\"BreadcrumbList\",\"@id\":\"https:\\\/\\\/ecomsa.com.ar\\\/quimicos-para-tratamiento-de-aguas\\\/#breadcrumb\",\"itemListElement\":[{\"@type\":\"ListItem\",\"position\":1,\"name\":\"Portada\",\"item\":\"https:\\\/\\\/ecomsa.com.ar\\\/\"},{\"@type\":\"ListItem\",\"position\":2,\"name\":\"Qu\u00edmicos para tratamiento de aguas\"}]},{\"@type\":\"WebSite\",\"@id\":\"https:\\\/\\\/ecomsa.com.ar\\\/#website\",\"url\":\"https:\\\/\\\/ecomsa.com.ar\\\/\",\"name\":\"Ecom S.A.\",\"description\":\"Productos qu\u00edmicos\",\"publisher\":{\"@id\":\"https:\\\/\\\/ecomsa.com.ar\\\/#organization\"},\"potentialAction\":[{\"@type\":\"SearchAction\",\"target\":{\"@type\":\"EntryPoint\",\"urlTemplate\":\"https:\\\/\\\/ecomsa.com.ar\\\/?s={search_term_string}\"},\"query-input\":{\"@type\":\"PropertyValueSpecification\",\"valueRequired\":true,\"valueName\":\"search_term_string\"}}],\"inLanguage\":\"en-US\"},{\"@type\":\"Organization\",\"@id\":\"https:\\\/\\\/ecomsa.com.ar\\\/#organization\",\"name\":\"Ecom S.A.\",\"url\":\"https:\\\/\\\/ecomsa.com.ar\\\/\",\"logo\":{\"@type\":\"ImageObject\",\"inLanguage\":\"en-US\",\"@id\":\"https:\\\/\\\/ecomsa.com.ar\\\/#\\\/schema\\\/logo\\\/image\\\/\",\"url\":\"https:\\\/\\\/ecomsa.com.ar\\\/wp-content\\\/uploads\\\/2022\\\/06\\\/logo.png\",\"contentUrl\":\"https:\\\/\\\/ecomsa.com.ar\\\/wp-content\\\/uploads\\\/2022\\\/06\\\/logo.png\",\"width\":200,\"height\":65,\"caption\":\"Ecom S.A.\"},\"image\":{\"@id\":\"https:\\\/\\\/ecomsa.com.ar\\\/#\\\/schema\\\/logo\\\/image\\\/\"},\"sameAs\":[\"https:\\\/\\\/www.linkedin.com\\\/company\\\/ecom-chemicals\"]}]}<\/script>\n<!-- \/ Yoast SEO plugin. -->","yoast_head_json":{"title":"Qu\u00edmicos para tratamiento de aguas - Ecom S.A.","robots":{"index":"index","follow":"follow","max-snippet":"max-snippet:-1","max-image-preview":"max-image-preview:large","max-video-preview":"max-video-preview:-1"},"canonical":"https:\/\/ecomsa.com.ar\/en\/water-treatment-chemicals\/","og_locale":"en_US","og_type":"article","og_title":"Qu\u00edmicos para tratamiento de aguas - Ecom S.A.","og_description":"Qu\u00edmicos para tratamiento de aguas Inicio &gt; Productos &gt; Qu\u00edmicos para tratamiento de aguas \u00bfTiene alguna consulta?Ll\u00e1menos hoy +54 11 4776-7269 +54 9 11 5388-9339 Qu\u00edmicos para tratamiento de aguas Una gama completa de productos qu\u00edmicos para aplicaciones de tratamiento de agua en aplicaciones municipales, industriales y de servicios p\u00fablicos. \u2022 Sulfato de aluminio\u2022 Amoniaco [&hellip;]","og_url":"https:\/\/ecomsa.com.ar\/en\/water-treatment-chemicals\/","og_site_name":"Ecom S.A.","article_modified_time":"2025-07-01T22:14:33+00:00","twitter_card":"summary_large_image","twitter_misc":{"Est. reading time":"1 minute"},"schema":{"@context":"https:\/\/schema.org","@graph":[{"@type":"WebPage","@id":"https:\/\/ecomsa.com.ar\/quimicos-para-tratamiento-de-aguas\/","url":"https:\/\/ecomsa.com.ar\/quimicos-para-tratamiento-de-aguas\/","name":"Qu\u00edmicos para tratamiento de aguas - Ecom S.A.","isPartOf":{"@id":"https:\/\/ecomsa.com.ar\/#website"},"datePublished":"2022-07-01T19:08:03+00:00","dateModified":"2025-07-01T22:14:33+00:00","breadcrumb":{"@id":"https:\/\/ecomsa.com.ar\/quimicos-para-tratamiento-de-aguas\/#breadcrumb"},"inLanguage":"en-US","potentialAction":[{"@type":"ReadAction","target":["https:\/\/ecomsa.com.ar\/quimicos-para-tratamiento-de-aguas\/"]}]},{"@type":"BreadcrumbList","@id":"https:\/\/ecomsa.com.ar\/quimicos-para-tratamiento-de-aguas\/#breadcrumb","itemListElement":[{"@type":"ListItem","position":1,"name":"Portada","item":"https:\/\/ecomsa.com.ar\/"},{"@type":"ListItem","position":2,"name":"Qu\u00edmicos para tratamiento de aguas"}]},{"@type":"WebSite","@id":"https:\/\/ecomsa.com.ar\/#website","url":"https:\/\/ecomsa.com.ar\/","name":"Ecom S.A.","description":"Productos qu\u00edmicos","publisher":{"@id":"https:\/\/ecomsa.com.ar\/#organization"},"potentialAction":[{"@type":"SearchAction","target":{"@type":"EntryPoint","urlTemplate":"https:\/\/ecomsa.com.ar\/?s={search_term_string}"},"query-input":{"@type":"PropertyValueSpecification","valueRequired":true,"valueName":"search_term_string"}}],"inLanguage":"en-US"},{"@type":"Organization","@id":"https:\/\/ecomsa.com.ar\/#organization","name":"Ecom S.A.","url":"https:\/\/ecomsa.com.ar\/","logo":{"@type":"ImageObject","inLanguage":"en-US","@id":"https:\/\/ecomsa.com.ar\/#\/schema\/logo\/image\/","url":"https:\/\/ecomsa.com.ar\/wp-content\/uploads\/2022\/06\/logo.png","contentUrl":"https:\/\/ecomsa.com.ar\/wp-content\/uploads\/2022\/06\/logo.png","width":200,"height":65,"caption":"Ecom S.A."},"image":{"@id":"https:\/\/ecomsa.com.ar\/#\/schema\/logo\/image\/"},"sameAs":["https:\/\/www.linkedin.com\/company\/ecom-chemicals"]}]}},"_links":{"self":[{"href":"https:\/\/ecomsa.com.ar\/en\/wp-json\/wp\/v2\/pages\/114","targetHints":{"allow":["GET"]}}],"collection":[{"href":"https:\/\/ecomsa.com.ar\/en\/wp-json\/wp\/v2\/pages"}],"about":[{"href":"https:\/\/ecomsa.com.ar\/en\/wp-json\/wp\/v2\/types\/page"}],"author":[{"embeddable":true,"href":"https:\/\/ecomsa.com.ar\/en\/wp-json\/wp\/v2\/users\/1"}],"replies":[{"embeddable":true,"href":"https:\/\/ecomsa.com.ar\/en\/wp-json\/wp\/v2\/comments?post=114"}],"version-history":[{"count":0,"href":"https:\/\/ecomsa.com.ar\/en\/wp-json\/wp\/v2\/pages\/114\/revisions"}],"wp:attachment":[{"href":"https:\/\/ecomsa.com.ar\/en\/wp-json\/wp\/v2\/media?parent=114"}],"curies":[{"name":"wp","href":"https:\/\/api.w.org\/{rel}","templated":true}]}}