{"id":118,"date":"2022-07-01T16:08:32","date_gmt":"2022-07-01T19:08:32","guid":{"rendered":"https:\/\/ecomsa.com.ar\/?page_id=118"},"modified":"2025-07-01T18:59:57","modified_gmt":"2025-07-01T21:59:57","slug":"activated-carbon","status":"publish","type":"page","link":"https:\/\/ecomsa.com.ar\/en\/carbon-activado\/","title":{"rendered":"Activated Carbon"},"content":{"rendered":"<div data-elementor-type=\"wp-page\" data-elementor-id=\"118\" class=\"elementor elementor-118\" data-elementor-post-type=\"page\">\n\t\t\t\t\t\t<section class=\"elementor-section elementor-top-section elementor-element elementor-element-29bd1f4 elementor-section-height-min-height elementor-section-boxed elementor-section-height-default elementor-section-items-middle\" data-id=\"29bd1f4\" data-element_type=\"section\" data-e-type=\"section\" data-settings=\"{&quot;background_background&quot;:&quot;classic&quot;}\">\n\t\t\t\t\t\t\t<div class=\"elementor-background-overlay\"><\/div>\n\t\t\t\t\t\t\t<div class=\"elementor-container elementor-column-gap-default\">\n\t\t\t\t\t<div class=\"elementor-column elementor-col-100 elementor-top-column elementor-element elementor-element-af38e56\" data-id=\"af38e56\" data-element_type=\"column\" data-e-type=\"column\">\n\t\t\t<div class=\"elementor-widget-wrap elementor-element-populated\">\n\t\t\t\t\t\t<div class=\"elementor-element elementor-element-e54aecc elementor-widget elementor-widget-heading\" data-id=\"e54aecc\" data-element_type=\"widget\" data-e-type=\"widget\" data-widget_type=\"heading.default\">\n\t\t\t\t<div class=\"elementor-widget-container\">\n\t\t\t\t\t<h2 class=\"elementor-heading-title elementor-size-default\">Activated Carbon<\/h2>\t\t\t\t<\/div>\n\t\t\t\t<\/div>\n\t\t\t\t<div class=\"elementor-element elementor-element-1d5374a elementor-widget elementor-widget-text-editor\" data-id=\"1d5374a\" data-element_type=\"widget\" data-e-type=\"widget\" data-widget_type=\"text-editor.default\">\n\t\t\t\t<div class=\"elementor-widget-container\">\n\t\t\t\t\t\t\t\t\t<p><a href=\"https:\/\/ecomsa.com.ar\/en\/\">Home<\/a> &gt; <a href=\"https:\/\/ecomsa.com.ar\/en\/#productos\">Products<\/a> &gt; Activated carbon<\/p>\t\t\t\t\t\t\t\t<\/div>\n\t\t\t\t<\/div>\n\t\t\t\t\t<\/div>\n\t\t<\/div>\n\t\t\t\t\t<\/div>\n\t\t<\/section>\n\t\t\t\t<section class=\"elementor-section elementor-top-section elementor-element elementor-element-7eee22d elementor-section-boxed elementor-section-height-default elementor-section-height-default\" data-id=\"7eee22d\" data-element_type=\"section\" data-e-type=\"section\">\n\t\t\t\t\t\t<div class=\"elementor-container elementor-column-gap-default\">\n\t\t\t\t\t<div class=\"elementor-column elementor-col-100 elementor-top-column elementor-element elementor-element-e60e9f2\" data-id=\"e60e9f2\" data-element_type=\"column\" data-e-type=\"column\">\n\t\t\t<div class=\"elementor-widget-wrap elementor-element-populated\">\n\t\t\t\t\t\t<section class=\"elementor-section elementor-inner-section elementor-element elementor-element-7e9397c elementor-reverse-mobile elementor-section-boxed elementor-section-height-default elementor-section-height-default\" data-id=\"7e9397c\" data-element_type=\"section\" data-e-type=\"section\">\n\t\t\t\t\t\t<div class=\"elementor-container elementor-column-gap-default\">\n\t\t\t\t\t<div class=\"elementor-column elementor-col-50 elementor-inner-column elementor-element elementor-element-b8a0e64\" data-id=\"b8a0e64\" data-element_type=\"column\" data-e-type=\"column\">\n\t\t\t<div class=\"elementor-widget-wrap elementor-element-populated\">\n\t\t\t\t\t\t<div class=\"elementor-element elementor-element-da5a243 elementor-nav-menu--dropdown-mobile elementor-nav-menu__text-align-aside elementor-nav-menu--toggle elementor-nav-menu--burger elementor-widget elementor-widget-nav-menu\" data-id=\"da5a243\" data-element_type=\"widget\" data-e-type=\"widget\" data-settings=\"{&quot;layout&quot;:&quot;vertical&quot;,&quot;submenu_icon&quot;:{&quot;value&quot;:&quot;&lt;i class=\\&quot;fas fa-caret-down\\&quot; aria-hidden=\\&quot;true\\&quot;&gt;&lt;\\\/i&gt;&quot;,&quot;library&quot;:&quot;fa-solid&quot;},&quot;toggle&quot;:&quot;burger&quot;}\" data-widget_type=\"nav-menu.default\">\n\t\t\t\t<div class=\"elementor-widget-container\">\n\t\t\t\t\t\t\t\t<nav aria-label=\"Menu\" class=\"elementor-nav-menu--main elementor-nav-menu__container elementor-nav-menu--layout-vertical e--pointer-none\">\n\t\t\t\t<ul id=\"menu-1-da5a243\" class=\"elementor-nav-menu sm-vertical\"><li class=\"menu-item menu-item-type-post_type menu-item-object-page menu-item-136\"><a href=\"https:\/\/ecomsa.com.ar\/en\/quimicos-industriales\/\" class=\"elementor-item menu-link\">Industrial Chemicals<\/a><\/li>\n<li class=\"menu-item menu-item-type-post_type menu-item-object-page menu-item-137\"><a href=\"https:\/\/ecomsa.com.ar\/en\/catalizadores-petroquimicos\/\" class=\"elementor-item menu-link\">Petrochemicals Catalysts<\/a><\/li>\n<li class=\"menu-item menu-item-type-post_type menu-item-object-page menu-item-1124\"><a href=\"https:\/\/ecomsa.com.ar\/en\/quimicos-para-oil-gas\/\" class=\"elementor-item menu-link\">Oil field chemicals<\/a><\/li>\n<li class=\"menu-item menu-item-type-post_type menu-item-object-page menu-item-134\"><a href=\"https:\/\/ecomsa.com.ar\/en\/rellenos-para-torres-y-soporte-de-catalizadores\/\" class=\"elementor-item menu-link\">Tower Packing<\/a><\/li>\n<li class=\"menu-item menu-item-type-post_type menu-item-object-page menu-item-138\"><a href=\"https:\/\/ecomsa.com.ar\/en\/colorantes-y-pigmentos\/\" class=\"elementor-item menu-link\">Dyes, Pigments &amp; Food Colors<\/a><\/li>\n<li class=\"menu-item menu-item-type-post_type menu-item-object-page menu-item-135\"><a href=\"https:\/\/ecomsa.com.ar\/en\/resinas-varias\/\" class=\"elementor-item menu-link\">Ion Exchange Resins<\/a><\/li>\n<li class=\"menu-item menu-item-type-post_type menu-item-object-page menu-item-131\"><a href=\"https:\/\/ecomsa.com.ar\/en\/ferro-aleaciones-y-productos-de-aceria\/\" class=\"elementor-item menu-link\">Ferro Alloys and Steel Products<\/a><\/li>\n<li class=\"menu-item menu-item-type-post_type menu-item-object-page menu-item-132\"><a href=\"https:\/\/ecomsa.com.ar\/en\/quimicos-para-mineria\/\" class=\"elementor-item menu-link\">Chemicals for Mining<\/a><\/li>\n<li class=\"menu-item menu-item-type-post_type menu-item-object-page menu-item-130\"><a href=\"https:\/\/ecomsa.com.ar\/en\/carbon-activado\/\" class=\"elementor-item menu-link\">Activated Carbon<\/a><\/li>\n<li class=\"menu-item menu-item-type-post_type menu-item-object-page menu-item-133\"><a href=\"https:\/\/ecomsa.com.ar\/en\/quimicos-para-tratamiento-de-aguas\/\" class=\"elementor-item menu-link\">Water Treatment Chemicals<\/a><\/li>\n<li class=\"menu-item menu-item-type-post_type menu-item-object-page menu-item-4318\"><a href=\"https:\/\/ecomsa.com.ar\/en\/aditivos-alimenticios\/\" class=\"elementor-item menu-link\">Food additives<\/a><\/li>\n<\/ul>\t\t\t<\/nav>\n\t\t\t\t\t<div class=\"elementor-menu-toggle\" role=\"button\" tabindex=\"0\" aria-label=\"Menu Toggle\" aria-expanded=\"false\">\n\t\t\t<i aria-hidden=\"true\" role=\"presentation\" class=\"elementor-menu-toggle__icon--open eicon-menu-bar\"><\/i><i aria-hidden=\"true\" role=\"presentation\" class=\"elementor-menu-toggle__icon--close eicon-close\"><\/i>\t\t<\/div>\n\t\t\t\t\t<nav class=\"elementor-nav-menu--dropdown elementor-nav-menu__container\" aria-hidden=\"true\">\n\t\t\t\t<ul id=\"menu-2-da5a243\" class=\"elementor-nav-menu sm-vertical\"><li class=\"menu-item menu-item-type-post_type menu-item-object-page menu-item-136\"><a href=\"https:\/\/ecomsa.com.ar\/en\/quimicos-industriales\/\" class=\"elementor-item menu-link\" tabindex=\"-1\">Industrial Chemicals<\/a><\/li>\n<li class=\"menu-item menu-item-type-post_type menu-item-object-page menu-item-137\"><a href=\"https:\/\/ecomsa.com.ar\/en\/catalizadores-petroquimicos\/\" class=\"elementor-item menu-link\" tabindex=\"-1\">Petrochemicals Catalysts<\/a><\/li>\n<li class=\"menu-item menu-item-type-post_type menu-item-object-page menu-item-1124\"><a href=\"https:\/\/ecomsa.com.ar\/en\/quimicos-para-oil-gas\/\" class=\"elementor-item menu-link\" tabindex=\"-1\">Oil field chemicals<\/a><\/li>\n<li class=\"menu-item menu-item-type-post_type menu-item-object-page menu-item-134\"><a href=\"https:\/\/ecomsa.com.ar\/en\/rellenos-para-torres-y-soporte-de-catalizadores\/\" class=\"elementor-item menu-link\" tabindex=\"-1\">Tower Packing<\/a><\/li>\n<li class=\"menu-item menu-item-type-post_type menu-item-object-page menu-item-138\"><a href=\"https:\/\/ecomsa.com.ar\/en\/colorantes-y-pigmentos\/\" class=\"elementor-item menu-link\" tabindex=\"-1\">Dyes, Pigments &amp; Food Colors<\/a><\/li>\n<li class=\"menu-item menu-item-type-post_type menu-item-object-page menu-item-135\"><a href=\"https:\/\/ecomsa.com.ar\/en\/resinas-varias\/\" class=\"elementor-item menu-link\" tabindex=\"-1\">Ion Exchange Resins<\/a><\/li>\n<li class=\"menu-item menu-item-type-post_type menu-item-object-page menu-item-131\"><a href=\"https:\/\/ecomsa.com.ar\/en\/ferro-aleaciones-y-productos-de-aceria\/\" class=\"elementor-item menu-link\" tabindex=\"-1\">Ferro Alloys and Steel Products<\/a><\/li>\n<li class=\"menu-item menu-item-type-post_type menu-item-object-page menu-item-132\"><a href=\"https:\/\/ecomsa.com.ar\/en\/quimicos-para-mineria\/\" class=\"elementor-item menu-link\" tabindex=\"-1\">Chemicals for Mining<\/a><\/li>\n<li class=\"menu-item menu-item-type-post_type menu-item-object-page menu-item-130\"><a href=\"https:\/\/ecomsa.com.ar\/en\/carbon-activado\/\" class=\"elementor-item menu-link\" tabindex=\"-1\">Activated Carbon<\/a><\/li>\n<li class=\"menu-item menu-item-type-post_type menu-item-object-page menu-item-133\"><a href=\"https:\/\/ecomsa.com.ar\/en\/quimicos-para-tratamiento-de-aguas\/\" class=\"elementor-item menu-link\" tabindex=\"-1\">Water Treatment Chemicals<\/a><\/li>\n<li class=\"menu-item menu-item-type-post_type menu-item-object-page menu-item-4318\"><a href=\"https:\/\/ecomsa.com.ar\/en\/aditivos-alimenticios\/\" class=\"elementor-item menu-link\" tabindex=\"-1\">Food additives<\/a><\/li>\n<\/ul>\t\t\t<\/nav>\n\t\t\t\t\t\t<\/div>\n\t\t\t\t<\/div>\n\t\t\t\t<div class=\"elementor-element elementor-element-ea5aef1 elementor-view-default elementor-position-block-start elementor-mobile-position-block-start elementor-widget elementor-widget-icon-box\" data-id=\"ea5aef1\" data-element_type=\"widget\" data-e-type=\"widget\" data-widget_type=\"icon-box.default\">\n\t\t\t\t<div class=\"elementor-widget-container\">\n\t\t\t\t\t\t\t<div class=\"elementor-icon-box-wrapper\">\n\n\t\t\t\t\t\t<div class=\"elementor-icon-box-icon\">\n\t\t\t\t<span  class=\"elementor-icon\">\n\t\t\t\t<i aria-hidden=\"true\" class=\"fas fa-phone-alt\"><\/i>\t\t\t\t<\/span>\n\t\t\t<\/div>\n\t\t\t\n\t\t\t\t\t\t<div class=\"elementor-icon-box-content\">\n\n\t\t\t\t\t\t\t\t\t<h3 class=\"elementor-icon-box-title\">\n\t\t\t\t\t\t<span  >\n\t\t\t\t\t\t\tGot any Questions?<br>Call us today\t\t\t\t\t\t<\/span>\n\t\t\t\t\t<\/h3>\n\t\t\t\t\n\t\t\t\t\t\t\t\t\t<p class=\"elementor-icon-box-description translation-block\">+1 (346) 319-0205<\/p>\n\t\t\t\t\n\t\t\t<\/div>\n\t\t\t\n\t\t<\/div>\n\t\t\t\t\t\t<\/div>\n\t\t\t\t<\/div>\n\t\t\t\t\t<\/div>\n\t\t<\/div>\n\t\t\t\t<div class=\"elementor-column elementor-col-50 elementor-inner-column elementor-element elementor-element-75fae08\" data-id=\"75fae08\" data-element_type=\"column\" data-e-type=\"column\">\n\t\t\t<div class=\"elementor-widget-wrap elementor-element-populated\">\n\t\t\t\t\t\t<div class=\"elementor-element elementor-element-9cfc660 elementor-widget elementor-widget-heading\" data-id=\"9cfc660\" data-element_type=\"widget\" data-e-type=\"widget\" data-widget_type=\"heading.default\">\n\t\t\t\t<div class=\"elementor-widget-container\">\n\t\t\t\t\t<h2 class=\"elementor-heading-title elementor-size-default\">Activated Carbon<\/h2>\t\t\t\t<\/div>\n\t\t\t\t<\/div>\n\t\t\t\t<div class=\"elementor-element elementor-element-5849616 elementor-widget elementor-widget-text-editor\" data-id=\"5849616\" data-element_type=\"widget\" data-e-type=\"widget\" data-widget_type=\"text-editor.default\">\n\t\t\t\t<div class=\"elementor-widget-container\">\n\t\t\t\t\t\t\t\t\t<p style=\"font-weight: 400;\">We offer various types of activated carbon from our representatives in India, China and Southeast Asia, which are adapted to the requirements of different industries. We have a variety of granulometries, iodine numbers and end uses.<\/p><p style=\"font-weight: 400;\">We also have numerous types of Activated Alumina in our portfolio for the various types of dehydration processes required.<\/p><p style=\"font-weight: 400;\">Different densities, granulometries, pore volumes, surface area and presentations available.<\/p>\t\t\t\t\t\t\t\t<\/div>\n\t\t\t\t<\/div>\n\t\t\t\t\t<\/div>\n\t\t<\/div>\n\t\t\t\t\t<\/div>\n\t\t<\/section>\n\t\t\t\t\t<\/div>\n\t\t<\/div>\n\t\t\t\t\t<\/div>\n\t\t<\/section>\n\t\t\t\t<section class=\"elementor-section elementor-top-section elementor-element elementor-element-2f4f746 elementor-section-full_width elementor-section-height-default elementor-section-height-default\" data-id=\"2f4f746\" data-element_type=\"section\" data-e-type=\"section\">\n\t\t\t\t\t\t<div class=\"elementor-container elementor-column-gap-default\">\n\t\t\t\t\t<div class=\"elementor-column elementor-col-100 elementor-top-column elementor-element elementor-element-4c53ede\" data-id=\"4c53ede\" data-element_type=\"column\" data-e-type=\"column\">\n\t\t\t<div class=\"elementor-widget-wrap elementor-element-populated\">\n\t\t\t\t\t\t<section class=\"elementor-section elementor-inner-section elementor-element elementor-element-5cb8a87 elementor-section-full_width elementor-section-height-default elementor-section-height-default\" data-id=\"5cb8a87\" data-element_type=\"section\" data-e-type=\"section\">\n\t\t\t\t\t\t<div class=\"elementor-container elementor-column-gap-default\">\n\t\t\t\t\t<div class=\"elementor-column elementor-col-50 elementor-inner-column elementor-element elementor-element-22e40a6\" data-id=\"22e40a6\" data-element_type=\"column\" data-e-type=\"column\" data-settings=\"{&quot;background_background&quot;:&quot;classic&quot;}\">\n\t\t\t<div class=\"elementor-widget-wrap elementor-element-populated\">\n\t\t\t\t\t\t<div class=\"elementor-element elementor-element-0d2354e elementor-widget elementor-widget-heading\" data-id=\"0d2354e\" data-element_type=\"widget\" data-e-type=\"widget\" data-widget_type=\"heading.default\">\n\t\t\t\t<div class=\"elementor-widget-container\">\n\t\t\t\t\t<h2 class=\"elementor-heading-title elementor-size-default\">We help you find the right products you need at the most competitive prices<\/h2>\t\t\t\t<\/div>\n\t\t\t\t<\/div>\n\t\t\t\t\t<\/div>\n\t\t<\/div>\n\t\t\t\t<div class=\"elementor-column elementor-col-50 elementor-inner-column elementor-element elementor-element-b778b53\" data-id=\"b778b53\" data-element_type=\"column\" data-e-type=\"column\" data-settings=\"{&quot;background_background&quot;:&quot;classic&quot;}\">\n\t\t\t<div class=\"elementor-widget-wrap elementor-element-populated\">\n\t\t\t\t\t\t<div class=\"elementor-element elementor-element-b69fea1 elementor-align-center elementor-widget elementor-widget-button\" data-id=\"b69fea1\" data-element_type=\"widget\" data-e-type=\"widget\" data-widget_type=\"button.default\">\n\t\t\t\t<div class=\"elementor-widget-container\">\n\t\t\t\t\t\t\t\t\t<div class=\"elementor-button-wrapper\">\n\t\t\t\t\t<a class=\"elementor-button elementor-button-link elementor-size-lg\" href=\"https:\/\/ecomsa.com.ar\/en\/contact\/\">\n\t\t\t\t\t\t<span class=\"elementor-button-content-wrapper\">\n\t\t\t\t\t\t\t\t\t<span class=\"elementor-button-text\">Contact us<\/span>\n\t\t\t\t\t<\/span>\n\t\t\t\t\t<\/a>\n\t\t\t\t<\/div>\n\t\t\t\t\t\t\t\t<\/div>\n\t\t\t\t<\/div>\n\t\t\t\t\t<\/div>\n\t\t<\/div>\n\t\t\t\t\t<\/div>\n\t\t<\/section>\n\t\t\t\t\t<\/div>\n\t\t<\/div>\n\t\t\t\t\t<\/div>\n\t\t<\/section>\n\t\t\t\t<\/div>","protected":false},"excerpt":{"rendered":"<p>Carb\u00f3n activado Inicio &gt; Productos &gt; Carb\u00f3n activado \u00bfTiene alguna consulta?Ll\u00e1menos hoy +54 11 4776-7269 +54 9 11 5388-9339 Carb\u00f3n activado \/ Al\u00famina activada Ofrecemos diversos tipos de carbones activados de nuestras representadas de India, China y el sudeste asi\u00e1tico, que se adaptan a los requerimientos de las distintas industrias. Contamos con variedad de granulometr\u00edas, [&hellip;]<\/p>\n","protected":false},"author":1,"featured_media":0,"parent":0,"menu_order":0,"comment_status":"closed","ping_status":"closed","template":"","meta":{"site-sidebar-layout":"no-sidebar","site-content-layout":"page-builder","ast-site-content-layout":"default","site-content-style":"default","site-sidebar-style":"default","ast-global-header-display":"","ast-banner-title-visibility":"","ast-main-header-display":"","ast-hfb-above-header-display":"","ast-hfb-below-header-display":"","ast-hfb-mobile-header-display":"","site-post-title":"disabled","ast-breadcrumbs-content":"","ast-featured-img":"disabled","footer-sml-layout":"","ast-disable-related-posts":"","theme-transparent-header-meta":"","adv-header-id-meta":"","stick-header-meta":"","header-above-stick-meta":"","header-main-stick-meta":"","header-below-stick-meta":"","astra-migrate-meta-layouts":"default","ast-page-background-enabled":"default","ast-page-background-meta":{"desktop":{"background-color":"var(--ast-global-color-4)","background-image":"","background-repeat":"repeat","background-position":"center center","background-size":"auto","background-attachment":"scroll","background-type":"","background-media":"","overlay-type":"","overlay-color":"","overlay-opacity":"","overlay-gradient":""},"tablet":{"background-color":"","background-image":"","background-repeat":"repeat","background-position":"center center","background-size":"auto","background-attachment":"scroll","background-type":"","background-media":"","overlay-type":"","overlay-color":"","overlay-opacity":"","overlay-gradient":""},"mobile":{"background-color":"","background-image":"","background-repeat":"repeat","background-position":"center center","background-size":"auto","background-attachment":"scroll","background-type":"","background-media":"","overlay-type":"","overlay-color":"","overlay-opacity":"","overlay-gradient":""}},"ast-content-background-meta":{"desktop":{"background-color":"var(--ast-global-color-5)","background-image":"","background-repeat":"repeat","background-position":"center center","background-size":"auto","background-attachment":"scroll","background-type":"","background-media":"","overlay-type":"","overlay-color":"","overlay-opacity":"","overlay-gradient":""},"tablet":{"background-color":"var(--ast-global-color-5)","background-image":"","background-repeat":"repeat","background-position":"center center","background-size":"auto","background-attachment":"scroll","background-type":"","background-media":"","overlay-type":"","overlay-color":"","overlay-opacity":"","overlay-gradient":""},"mobile":{"background-color":"var(--ast-global-color-5)","background-image":"","background-repeat":"repeat","background-position":"center center","background-size":"auto","background-attachment":"scroll","background-type":"","background-media":"","overlay-type":"","overlay-color":"","overlay-opacity":"","overlay-gradient":""}},"footnotes":""},"class_list":["post-118","page","type-page","status-publish","hentry"],"yoast_head":"<!-- This site is optimized with the Yoast SEO plugin v27.4 - https:\/\/yoast.com\/product\/yoast-seo-wordpress\/ -->\n<title>Carb\u00f3n activado - Ecom S.A.<\/title>\n<meta name=\"robots\" content=\"index, follow, max-snippet:-1, max-image-preview:large, max-video-preview:-1\" \/>\n<link rel=\"canonical\" href=\"https:\/\/ecomsa.com.ar\/en\/activated-carbon\/\" \/>\n<meta property=\"og:locale\" content=\"en_US\" \/>\n<meta property=\"og:type\" content=\"article\" \/>\n<meta property=\"og:title\" content=\"Carb\u00f3n activado - Ecom S.A.\" \/>\n<meta property=\"og:description\" content=\"Carb\u00f3n activado Inicio &gt; Productos &gt; Carb\u00f3n activado \u00bfTiene alguna consulta?Ll\u00e1menos hoy +54 11 4776-7269 +54 9 11 5388-9339 Carb\u00f3n activado \/ Al\u00famina activada Ofrecemos diversos tipos de carbones activados de nuestras representadas de India, China y el sudeste asi\u00e1tico, que se adaptan a los requerimientos de las distintas industrias. Contamos con variedad de granulometr\u00edas, [&hellip;]\" \/>\n<meta property=\"og:url\" content=\"https:\/\/ecomsa.com.ar\/en\/activated-carbon\/\" \/>\n<meta property=\"og:site_name\" content=\"Ecom S.A.\" \/>\n<meta property=\"article:modified_time\" content=\"2025-07-01T21:59:57+00:00\" \/>\n<meta name=\"twitter:card\" content=\"summary_large_image\" \/>\n<meta name=\"twitter:label1\" content=\"Est. reading time\" \/>\n\t<meta name=\"twitter:data1\" content=\"1 minute\" \/>\n<script type=\"application\/ld+json\" class=\"yoast-schema-graph\">{\"@context\":\"https:\\\/\\\/schema.org\",\"@graph\":[{\"@type\":\"WebPage\",\"@id\":\"https:\\\/\\\/ecomsa.com.ar\\\/carbon-activado\\\/\",\"url\":\"https:\\\/\\\/ecomsa.com.ar\\\/carbon-activado\\\/\",\"name\":\"Carb\u00f3n activado - Ecom S.A.\",\"isPartOf\":{\"@id\":\"https:\\\/\\\/ecomsa.com.ar\\\/#website\"},\"datePublished\":\"2022-07-01T19:08:32+00:00\",\"dateModified\":\"2025-07-01T21:59:57+00:00\",\"breadcrumb\":{\"@id\":\"https:\\\/\\\/ecomsa.com.ar\\\/carbon-activado\\\/#breadcrumb\"},\"inLanguage\":\"en-US\",\"potentialAction\":[{\"@type\":\"ReadAction\",\"target\":[\"https:\\\/\\\/ecomsa.com.ar\\\/carbon-activado\\\/\"]}]},{\"@type\":\"BreadcrumbList\",\"@id\":\"https:\\\/\\\/ecomsa.com.ar\\\/carbon-activado\\\/#breadcrumb\",\"itemListElement\":[{\"@type\":\"ListItem\",\"position\":1,\"name\":\"Portada\",\"item\":\"https:\\\/\\\/ecomsa.com.ar\\\/\"},{\"@type\":\"ListItem\",\"position\":2,\"name\":\"Carb\u00f3n activado\"}]},{\"@type\":\"WebSite\",\"@id\":\"https:\\\/\\\/ecomsa.com.ar\\\/#website\",\"url\":\"https:\\\/\\\/ecomsa.com.ar\\\/\",\"name\":\"Ecom S.A.\",\"description\":\"Productos qu\u00edmicos\",\"publisher\":{\"@id\":\"https:\\\/\\\/ecomsa.com.ar\\\/#organization\"},\"potentialAction\":[{\"@type\":\"SearchAction\",\"target\":{\"@type\":\"EntryPoint\",\"urlTemplate\":\"https:\\\/\\\/ecomsa.com.ar\\\/?s={search_term_string}\"},\"query-input\":{\"@type\":\"PropertyValueSpecification\",\"valueRequired\":true,\"valueName\":\"search_term_string\"}}],\"inLanguage\":\"en-US\"},{\"@type\":\"Organization\",\"@id\":\"https:\\\/\\\/ecomsa.com.ar\\\/#organization\",\"name\":\"Ecom S.A.\",\"url\":\"https:\\\/\\\/ecomsa.com.ar\\\/\",\"logo\":{\"@type\":\"ImageObject\",\"inLanguage\":\"en-US\",\"@id\":\"https:\\\/\\\/ecomsa.com.ar\\\/#\\\/schema\\\/logo\\\/image\\\/\",\"url\":\"https:\\\/\\\/ecomsa.com.ar\\\/wp-content\\\/uploads\\\/2022\\\/06\\\/logo.png\",\"contentUrl\":\"https:\\\/\\\/ecomsa.com.ar\\\/wp-content\\\/uploads\\\/2022\\\/06\\\/logo.png\",\"width\":200,\"height\":65,\"caption\":\"Ecom S.A.\"},\"image\":{\"@id\":\"https:\\\/\\\/ecomsa.com.ar\\\/#\\\/schema\\\/logo\\\/image\\\/\"},\"sameAs\":[\"https:\\\/\\\/www.linkedin.com\\\/company\\\/ecom-chemicals\"]}]}<\/script>\n<!-- \/ Yoast SEO plugin. -->","yoast_head_json":{"title":"Carb\u00f3n activado - Ecom S.A.","robots":{"index":"index","follow":"follow","max-snippet":"max-snippet:-1","max-image-preview":"max-image-preview:large","max-video-preview":"max-video-preview:-1"},"canonical":"https:\/\/ecomsa.com.ar\/en\/activated-carbon\/","og_locale":"en_US","og_type":"article","og_title":"Carb\u00f3n activado - Ecom S.A.","og_description":"Carb\u00f3n activado Inicio &gt; Productos &gt; Carb\u00f3n activado \u00bfTiene alguna consulta?Ll\u00e1menos hoy +54 11 4776-7269 +54 9 11 5388-9339 Carb\u00f3n activado \/ Al\u00famina activada Ofrecemos diversos tipos de carbones activados de nuestras representadas de India, China y el sudeste asi\u00e1tico, que se adaptan a los requerimientos de las distintas industrias. Contamos con variedad de granulometr\u00edas, [&hellip;]","og_url":"https:\/\/ecomsa.com.ar\/en\/activated-carbon\/","og_site_name":"Ecom S.A.","article_modified_time":"2025-07-01T21:59:57+00:00","twitter_card":"summary_large_image","twitter_misc":{"Est. reading time":"1 minute"},"schema":{"@context":"https:\/\/schema.org","@graph":[{"@type":"WebPage","@id":"https:\/\/ecomsa.com.ar\/carbon-activado\/","url":"https:\/\/ecomsa.com.ar\/carbon-activado\/","name":"Carb\u00f3n activado - Ecom S.A.","isPartOf":{"@id":"https:\/\/ecomsa.com.ar\/#website"},"datePublished":"2022-07-01T19:08:32+00:00","dateModified":"2025-07-01T21:59:57+00:00","breadcrumb":{"@id":"https:\/\/ecomsa.com.ar\/carbon-activado\/#breadcrumb"},"inLanguage":"en-US","potentialAction":[{"@type":"ReadAction","target":["https:\/\/ecomsa.com.ar\/carbon-activado\/"]}]},{"@type":"BreadcrumbList","@id":"https:\/\/ecomsa.com.ar\/carbon-activado\/#breadcrumb","itemListElement":[{"@type":"ListItem","position":1,"name":"Portada","item":"https:\/\/ecomsa.com.ar\/"},{"@type":"ListItem","position":2,"name":"Carb\u00f3n activado"}]},{"@type":"WebSite","@id":"https:\/\/ecomsa.com.ar\/#website","url":"https:\/\/ecomsa.com.ar\/","name":"Ecom S.A.","description":"Productos qu\u00edmicos","publisher":{"@id":"https:\/\/ecomsa.com.ar\/#organization"},"potentialAction":[{"@type":"SearchAction","target":{"@type":"EntryPoint","urlTemplate":"https:\/\/ecomsa.com.ar\/?s={search_term_string}"},"query-input":{"@type":"PropertyValueSpecification","valueRequired":true,"valueName":"search_term_string"}}],"inLanguage":"en-US"},{"@type":"Organization","@id":"https:\/\/ecomsa.com.ar\/#organization","name":"Ecom S.A.","url":"https:\/\/ecomsa.com.ar\/","logo":{"@type":"ImageObject","inLanguage":"en-US","@id":"https:\/\/ecomsa.com.ar\/#\/schema\/logo\/image\/","url":"https:\/\/ecomsa.com.ar\/wp-content\/uploads\/2022\/06\/logo.png","contentUrl":"https:\/\/ecomsa.com.ar\/wp-content\/uploads\/2022\/06\/logo.png","width":200,"height":65,"caption":"Ecom S.A."},"image":{"@id":"https:\/\/ecomsa.com.ar\/#\/schema\/logo\/image\/"},"sameAs":["https:\/\/www.linkedin.com\/company\/ecom-chemicals"]}]}},"_links":{"self":[{"href":"https:\/\/ecomsa.com.ar\/en\/wp-json\/wp\/v2\/pages\/118","targetHints":{"allow":["GET"]}}],"collection":[{"href":"https:\/\/ecomsa.com.ar\/en\/wp-json\/wp\/v2\/pages"}],"about":[{"href":"https:\/\/ecomsa.com.ar\/en\/wp-json\/wp\/v2\/types\/page"}],"author":[{"embeddable":true,"href":"https:\/\/ecomsa.com.ar\/en\/wp-json\/wp\/v2\/users\/1"}],"replies":[{"embeddable":true,"href":"https:\/\/ecomsa.com.ar\/en\/wp-json\/wp\/v2\/comments?post=118"}],"version-history":[{"count":0,"href":"https:\/\/ecomsa.com.ar\/en\/wp-json\/wp\/v2\/pages\/118\/revisions"}],"wp:attachment":[{"href":"https:\/\/ecomsa.com.ar\/en\/wp-json\/wp\/v2\/media?parent=118"}],"curies":[{"name":"wp","href":"https:\/\/api.w.org\/{rel}","templated":true}]}}